{"id":1981,"date":"2024-01-17T00:59:26","date_gmt":"2024-01-17T00:59:26","guid":{"rendered":"https:\/\/gruposalmeron.everestis.ppg.br\/energia\/?page_id=1981"},"modified":"2025-01-16T11:40:18","modified_gmt":"2025-01-16T11:40:18","slug":"servicos","status":"publish","type":"page","link":"https:\/\/gruposalmeron.com.br\/metalicos\/servicos\/","title":{"rendered":"Servi\u00e7os"},"content":{"rendered":"\t\t<div data-elementor-type=\"wp-page\" data-elementor-id=\"1981\" class=\"elementor elementor-1981\" data-elementor-post-type=\"page\">\n\t\t\t\t<div class=\"elementor-element elementor-element-449901b e-flex e-con-boxed e-con e-parent\" data-id=\"449901b\" data-element_type=\"container\" data-settings=\"{&quot;background_background&quot;:&quot;classic&quot;,&quot;ekit_has_onepagescroll_dot&quot;:&quot;yes&quot;}\">\n\t\t\t\t\t<div class=\"e-con-inner\">\n\t\t\t\t<div class=\"elementor-element elementor-element-fc80d22 elementor-widget elementor-widget-heading\" data-id=\"fc80d22\" data-element_type=\"widget\" data-settings=\"{&quot;ekit_we_effect_on&quot;:&quot;none&quot;}\" data-widget_type=\"heading.default\">\n\t\t\t\t<div class=\"elementor-widget-container\">\n\t\t\t\t\t<h2 class=\"elementor-heading-title elementor-size-default\">Servi\u00e7os<\/h2>\t\t\t\t<\/div>\n\t\t\t\t<\/div>\n\t\t\t\t<div class=\"elementor-element elementor-element-ab4d411 elementor-widget elementor-widget-breadcrumbs\" data-id=\"ab4d411\" data-element_type=\"widget\" data-settings=\"{&quot;ekit_we_effect_on&quot;:&quot;none&quot;}\" data-widget_type=\"breadcrumbs.default\">\n\t\t\t\t<div class=\"elementor-widget-container\">\n\t\t\t\t\t<p id=\"breadcrumbs\"><span><span><a href=\"https:\/\/gruposalmeron.com.br\/metalicos\/\">In\u00edcio<\/a><\/span><\/span><\/p>\t\t\t\t<\/div>\n\t\t\t\t<\/div>\n\t\t\t\t\t<\/div>\n\t\t\t\t<\/div>\n\t\t<div class=\"elementor-element elementor-element-ffbddc2 e-con-full e-flex e-con e-parent\" data-id=\"ffbddc2\" data-element_type=\"container\" data-settings=\"{&quot;ekit_has_onepagescroll_dot&quot;:&quot;yes&quot;}\">\n\t\t<div class=\"elementor-element elementor-element-92a29d2 e-con-full e-flex e-con e-child\" data-id=\"92a29d2\" data-element_type=\"container\" data-settings=\"{&quot;background_background&quot;:&quot;classic&quot;,&quot;ekit_has_onepagescroll_dot&quot;:&quot;yes&quot;}\">\n\t\t\t\t<\/div>\n\t\t<div class=\"elementor-element elementor-element-7ecc513 e-con-full e-flex e-con e-child\" data-id=\"7ecc513\" data-element_type=\"container\" data-settings=\"{&quot;background_background&quot;:&quot;classic&quot;,&quot;ekit_has_onepagescroll_dot&quot;:&quot;yes&quot;}\">\n\t\t\t\t<div class=\"elementor-element elementor-element-a8e8f85 elementor-widget elementor-widget-heading\" data-id=\"a8e8f85\" data-element_type=\"widget\" data-settings=\"{&quot;ekit_we_effect_on&quot;:&quot;none&quot;}\" data-widget_type=\"heading.default\">\n\t\t\t\t<div class=\"elementor-widget-container\">\n\t\t\t\t\t<h2 class=\"elementor-heading-title elementor-size-default\">Compra e Coleta de <br>Sucata Met\u00e1lica<\/h2>\t\t\t\t<\/div>\n\t\t\t\t<\/div>\n\t\t\t\t<\/div>\n\t\t\t\t<\/div>\n\t\t<div class=\"elementor-element elementor-element-afff265 e-con-full e-flex e-con e-parent\" data-id=\"afff265\" data-element_type=\"container\" data-settings=\"{&quot;ekit_has_onepagescroll_dot&quot;:&quot;yes&quot;}\">\n\t\t<div class=\"elementor-element elementor-element-231ca08 e-con-full e-flex e-con e-child\" data-id=\"231ca08\" data-element_type=\"container\" data-settings=\"{&quot;background_background&quot;:&quot;classic&quot;,&quot;ekit_has_onepagescroll_dot&quot;:&quot;yes&quot;}\">\n\t\t\t\t<div class=\"elementor-element elementor-element-a10fe89 elementor-widget elementor-widget-heading\" data-id=\"a10fe89\" data-element_type=\"widget\" data-settings=\"{&quot;ekit_we_effect_on&quot;:&quot;none&quot;}\" data-widget_type=\"heading.default\">\n\t\t\t\t<div class=\"elementor-widget-container\">\n\t\t\t\t\t<h2 class=\"elementor-heading-title elementor-size-default\">Beneficiamento de <br>Res\u00edduos Met\u00e1licos<\/h2>\t\t\t\t<\/div>\n\t\t\t\t<\/div>\n\t\t\t\t<\/div>\n\t\t<div class=\"elementor-element elementor-element-ccbf948 e-con-full e-flex e-con e-child\" data-id=\"ccbf948\" data-element_type=\"container\" data-settings=\"{&quot;background_background&quot;:&quot;classic&quot;,&quot;ekit_has_onepagescroll_dot&quot;:&quot;yes&quot;}\">\n\t\t\t\t<\/div>\n\t\t\t\t<\/div>\n\t\t<div class=\"elementor-element elementor-element-28edd4c e-con-full e-flex e-con e-parent\" data-id=\"28edd4c\" data-element_type=\"container\" data-settings=\"{&quot;ekit_has_onepagescroll_dot&quot;:&quot;yes&quot;}\">\n\t\t<div class=\"elementor-element elementor-element-e40bae2 e-con-full e-flex e-con e-child\" data-id=\"e40bae2\" data-element_type=\"container\" data-settings=\"{&quot;background_background&quot;:&quot;classic&quot;,&quot;ekit_has_onepagescroll_dot&quot;:&quot;yes&quot;}\">\n\t\t\t\t<\/div>\n\t\t<div class=\"elementor-element elementor-element-2fbb53c e-con-full e-flex e-con e-child\" data-id=\"2fbb53c\" data-element_type=\"container\" data-settings=\"{&quot;background_background&quot;:&quot;classic&quot;,&quot;ekit_has_onepagescroll_dot&quot;:&quot;yes&quot;}\">\n\t\t\t\t<div class=\"elementor-element elementor-element-607a5b5 elementor-widget elementor-widget-heading\" data-id=\"607a5b5\" data-element_type=\"widget\" data-settings=\"{&quot;ekit_we_effect_on&quot;:&quot;none&quot;}\" data-widget_type=\"heading.default\">\n\t\t\t\t<div class=\"elementor-widget-container\">\n\t\t\t\t\t<h2 class=\"elementor-heading-title elementor-size-default\">Venda de insumos met\u00e1licos para fundi\u00e7\u00f5es<\/h2>\t\t\t\t<\/div>\n\t\t\t\t<\/div>\n\t\t\t\t<\/div>\n\t\t\t\t<\/div>\n\t\t<div class=\"elementor-element elementor-element-9834f78 e-con-full e-flex e-con e-parent\" data-id=\"9834f78\" data-element_type=\"container\" data-settings=\"{&quot;ekit_has_onepagescroll_dot&quot;:&quot;yes&quot;}\">\n\t\t<div class=\"elementor-element elementor-element-3604ea7 e-con-full e-flex e-con e-child\" data-id=\"3604ea7\" data-element_type=\"container\" data-settings=\"{&quot;background_background&quot;:&quot;classic&quot;,&quot;ekit_has_onepagescroll_dot&quot;:&quot;yes&quot;}\">\n\t\t\t\t<div class=\"elementor-element elementor-element-864d6a5 elementor-widget elementor-widget-heading\" data-id=\"864d6a5\" data-element_type=\"widget\" data-settings=\"{&quot;ekit_we_effect_on&quot;:&quot;none&quot;}\" data-widget_type=\"heading.default\">\n\t\t\t\t<div class=\"elementor-widget-container\">\n\t\t\t\t\t<h2 class=\"elementor-heading-title elementor-size-default\">Desmonte Industrial<\/h2>\t\t\t\t<\/div>\n\t\t\t\t<\/div>\n\t\t\t\t<\/div>\n\t\t<div class=\"elementor-element elementor-element-3a57d71 e-con-full e-flex e-con e-child\" data-id=\"3a57d71\" data-element_type=\"container\" data-settings=\"{&quot;background_background&quot;:&quot;classic&quot;,&quot;ekit_has_onepagescroll_dot&quot;:&quot;yes&quot;}\">\n\t\t\t\t<\/div>\n\t\t\t\t<\/div>\n\t\t<div class=\"elementor-element elementor-element-bbff73d e-con-full e-flex e-con e-parent\" data-id=\"bbff73d\" data-element_type=\"container\" data-settings=\"{&quot;ekit_has_onepagescroll_dot&quot;:&quot;yes&quot;}\">\n\t\t<div class=\"elementor-element elementor-element-078a305 e-con-full e-flex e-con e-child\" data-id=\"078a305\" data-element_type=\"container\" data-settings=\"{&quot;background_background&quot;:&quot;classic&quot;,&quot;ekit_has_onepagescroll_dot&quot;:&quot;yes&quot;}\">\n\t\t\t\t<\/div>\n\t\t<div class=\"elementor-element elementor-element-b3fbc41 e-con-full e-flex e-con e-child\" data-id=\"b3fbc41\" data-element_type=\"container\" data-settings=\"{&quot;background_background&quot;:&quot;classic&quot;,&quot;ekit_has_onepagescroll_dot&quot;:&quot;yes&quot;}\">\n\t\t\t\t<div class=\"elementor-element elementor-element-0c4b457 elementor-widget elementor-widget-heading\" data-id=\"0c4b457\" data-element_type=\"widget\" data-settings=\"{&quot;ekit_we_effect_on&quot;:&quot;none&quot;}\" data-widget_type=\"heading.default\">\n\t\t\t\t<div class=\"elementor-widget-container\">\n\t\t\t\t\t<h2 class=\"elementor-heading-title elementor-size-default\">Descaracteriza\u00e7\u00e3o de M\u00e1quinas, Ve\u00edculos e Produtos<\/h2>\t\t\t\t<\/div>\n\t\t\t\t<\/div>\n\t\t\t\t<\/div>\n\t\t\t\t<\/div>\n\t\t<div class=\"elementor-element elementor-element-5ea5f4d e-con-full e-flex e-con e-parent\" data-id=\"5ea5f4d\" data-element_type=\"container\" data-settings=\"{&quot;ekit_has_onepagescroll_dot&quot;:&quot;yes&quot;}\">\n\t\t<div class=\"elementor-element elementor-element-fe1ef04 e-con-full e-flex e-con e-child\" data-id=\"fe1ef04\" data-element_type=\"container\" data-settings=\"{&quot;background_background&quot;:&quot;classic&quot;,&quot;ekit_has_onepagescroll_dot&quot;:&quot;yes&quot;}\">\n\t\t\t\t<div class=\"elementor-element elementor-element-aa55641 elementor-widget elementor-widget-heading\" data-id=\"aa55641\" data-element_type=\"widget\" data-settings=\"{&quot;ekit_we_effect_on&quot;:&quot;none&quot;}\" data-widget_type=\"heading.default\">\n\t\t\t\t<div class=\"elementor-widget-container\">\n\t\t\t\t\t<h2 class=\"elementor-heading-title elementor-size-default\">Gest\u00e3o de Res\u00edduos <br>Industriais In loco<\/h2>\t\t\t\t<\/div>\n\t\t\t\t<\/div>\n\t\t\t\t<\/div>\n\t\t<div class=\"elementor-element elementor-element-c3cff32 e-con-full e-flex e-con e-child\" data-id=\"c3cff32\" data-element_type=\"container\" data-settings=\"{&quot;background_background&quot;:&quot;classic&quot;,&quot;ekit_has_onepagescroll_dot&quot;:&quot;yes&quot;}\">\n\t\t\t\t<\/div>\n\t\t\t\t<\/div>\n\t\t\t\t<\/div>\n\t\t","protected":false},"excerpt":{"rendered":"<p>Servi\u00e7os Compra e Coleta de Sucata Met\u00e1lica Beneficiamento de Res\u00edduos Met\u00e1licos Venda de insumos met\u00e1licos para fundi\u00e7\u00f5es Desmonte Industrial Descaracteriza\u00e7\u00e3o de M\u00e1quinas, Ve\u00edculos e Produtos Gest\u00e3o de Res\u00edduos Industriais In loco<\/p>\n","protected":false},"author":1,"featured_media":0,"parent":0,"menu_order":0,"comment_status":"closed","ping_status":"closed","template":"","meta":{"_joinchat":[],"footnotes":""},"class_list":["post-1981","page","type-page","status-publish","hentry"],"yoast_head":"<!-- This site is optimized with the Yoast SEO plugin v27.3 - https:\/\/yoast.com\/product\/yoast-seo-wordpress\/ -->\n<title>Servi\u00e7os - Grupo Salmeron - Met\u00e1licos<\/title>\n<meta name=\"robots\" content=\"index, follow, max-snippet:-1, max-image-preview:large, max-video-preview:-1\" \/>\n<link rel=\"canonical\" href=\"https:\/\/gruposalmeron.com.br\/metalicos\/servicos\/\" \/>\n<meta property=\"og:locale\" content=\"pt_BR\" \/>\n<meta property=\"og:type\" content=\"article\" \/>\n<meta property=\"og:title\" content=\"Servi\u00e7os - Grupo Salmeron - Met\u00e1licos\" \/>\n<meta property=\"og:description\" content=\"Servi\u00e7os Compra e Coleta de Sucata Met\u00e1lica Beneficiamento de Res\u00edduos Met\u00e1licos Venda de insumos met\u00e1licos para fundi\u00e7\u00f5es Desmonte Industrial Descaracteriza\u00e7\u00e3o de M\u00e1quinas, Ve\u00edculos e Produtos Gest\u00e3o de Res\u00edduos Industriais In loco\" \/>\n<meta property=\"og:url\" content=\"https:\/\/gruposalmeron.com.br\/metalicos\/servicos\/\" \/>\n<meta property=\"og:site_name\" content=\"Grupo Salmeron - Met\u00e1licos\" \/>\n<meta property=\"article:publisher\" content=\"https:\/\/www.facebook.com\/gruposalmeron\/\" \/>\n<meta property=\"article:modified_time\" content=\"2025-01-16T11:40:18+00:00\" \/>\n<meta name=\"twitter:card\" content=\"summary_large_image\" \/>\n<meta name=\"twitter:label1\" content=\"Est. tempo de leitura\" \/>\n\t<meta name=\"twitter:data1\" content=\"1 minuto\" \/>\n<script type=\"application\/ld+json\" class=\"yoast-schema-graph\">{\"@context\":\"https:\\\/\\\/schema.org\",\"@graph\":[{\"@type\":\"WebPage\",\"@id\":\"https:\\\/\\\/gruposalmeron.com.br\\\/metalicos\\\/servicos\\\/\",\"url\":\"https:\\\/\\\/gruposalmeron.com.br\\\/metalicos\\\/servicos\\\/\",\"name\":\"Servi\u00e7os - Grupo Salmeron - Met\u00e1licos\",\"isPartOf\":{\"@id\":\"https:\\\/\\\/gruposalmeron.com.br\\\/metalicos\\\/#website\"},\"datePublished\":\"2024-01-17T00:59:26+00:00\",\"dateModified\":\"2025-01-16T11:40:18+00:00\",\"breadcrumb\":{\"@id\":\"https:\\\/\\\/gruposalmeron.com.br\\\/metalicos\\\/servicos\\\/#breadcrumb\"},\"inLanguage\":\"pt-BR\",\"potentialAction\":[{\"@type\":\"ReadAction\",\"target\":[\"https:\\\/\\\/gruposalmeron.com.br\\\/metalicos\\\/servicos\\\/\"]}]},{\"@type\":\"BreadcrumbList\",\"@id\":\"https:\\\/\\\/gruposalmeron.com.br\\\/metalicos\\\/servicos\\\/#breadcrumb\",\"itemListElement\":[{\"@type\":\"ListItem\",\"position\":1,\"name\":\"In\u00edcio\",\"item\":\"https:\\\/\\\/gruposalmeron.com.br\\\/metalicos\\\/\"},{\"@type\":\"ListItem\",\"position\":2,\"name\":\"Servi\u00e7os\"}]},{\"@type\":\"WebSite\",\"@id\":\"https:\\\/\\\/gruposalmeron.com.br\\\/metalicos\\\/#website\",\"url\":\"https:\\\/\\\/gruposalmeron.com.br\\\/metalicos\\\/\",\"name\":\"Grupo Salmeron - Gest\u00e3o de Res\u00edduos Met\u00e1licos\",\"description\":\"Grupo Salmeron - Met\u00e1licos\",\"publisher\":{\"@id\":\"https:\\\/\\\/gruposalmeron.com.br\\\/metalicos\\\/#organization\"},\"potentialAction\":[{\"@type\":\"SearchAction\",\"target\":{\"@type\":\"EntryPoint\",\"urlTemplate\":\"https:\\\/\\\/gruposalmeron.com.br\\\/metalicos\\\/?s={search_term_string}\"},\"query-input\":{\"@type\":\"PropertyValueSpecification\",\"valueRequired\":true,\"valueName\":\"search_term_string\"}}],\"inLanguage\":\"pt-BR\"},{\"@type\":\"Organization\",\"@id\":\"https:\\\/\\\/gruposalmeron.com.br\\\/metalicos\\\/#organization\",\"name\":\"Grupo Salmeron - Gest\u00e3o de Res\u00edduos Met\u00e1licos\",\"url\":\"https:\\\/\\\/gruposalmeron.com.br\\\/metalicos\\\/\",\"logo\":{\"@type\":\"ImageObject\",\"inLanguage\":\"pt-BR\",\"@id\":\"https:\\\/\\\/gruposalmeron.com.br\\\/metalicos\\\/#\\\/schema\\\/logo\\\/image\\\/\",\"url\":\"https:\\\/\\\/gruposalmeron.com.br\\\/metalicos\\\/wp-content\\\/uploads\\\/2023\\\/12\\\/gruposalmeron-reciclagem-de-madeira.webp\",\"contentUrl\":\"https:\\\/\\\/gruposalmeron.com.br\\\/metalicos\\\/wp-content\\\/uploads\\\/2023\\\/12\\\/gruposalmeron-reciclagem-de-madeira.webp\",\"width\":156,\"height\":43,\"caption\":\"Grupo Salmeron - Gest\u00e3o de Res\u00edduos Met\u00e1licos\"},\"image\":{\"@id\":\"https:\\\/\\\/gruposalmeron.com.br\\\/metalicos\\\/#\\\/schema\\\/logo\\\/image\\\/\"},\"sameAs\":[\"https:\\\/\\\/www.facebook.com\\\/gruposalmeron\\\/\"]}]}<\/script>\n<!-- \/ Yoast SEO plugin. -->","yoast_head_json":{"title":"Servi\u00e7os - Grupo Salmeron - Met\u00e1licos","robots":{"index":"index","follow":"follow","max-snippet":"max-snippet:-1","max-image-preview":"max-image-preview:large","max-video-preview":"max-video-preview:-1"},"canonical":"https:\/\/gruposalmeron.com.br\/metalicos\/servicos\/","og_locale":"pt_BR","og_type":"article","og_title":"Servi\u00e7os - Grupo Salmeron - Met\u00e1licos","og_description":"Servi\u00e7os Compra e Coleta de Sucata Met\u00e1lica Beneficiamento de Res\u00edduos Met\u00e1licos Venda de insumos met\u00e1licos para fundi\u00e7\u00f5es Desmonte Industrial Descaracteriza\u00e7\u00e3o de M\u00e1quinas, Ve\u00edculos e Produtos Gest\u00e3o de Res\u00edduos Industriais In loco","og_url":"https:\/\/gruposalmeron.com.br\/metalicos\/servicos\/","og_site_name":"Grupo Salmeron - Met\u00e1licos","article_publisher":"https:\/\/www.facebook.com\/gruposalmeron\/","article_modified_time":"2025-01-16T11:40:18+00:00","twitter_card":"summary_large_image","twitter_misc":{"Est. tempo de leitura":"1 minuto"},"schema":{"@context":"https:\/\/schema.org","@graph":[{"@type":"WebPage","@id":"https:\/\/gruposalmeron.com.br\/metalicos\/servicos\/","url":"https:\/\/gruposalmeron.com.br\/metalicos\/servicos\/","name":"Servi\u00e7os - Grupo Salmeron - Met\u00e1licos","isPartOf":{"@id":"https:\/\/gruposalmeron.com.br\/metalicos\/#website"},"datePublished":"2024-01-17T00:59:26+00:00","dateModified":"2025-01-16T11:40:18+00:00","breadcrumb":{"@id":"https:\/\/gruposalmeron.com.br\/metalicos\/servicos\/#breadcrumb"},"inLanguage":"pt-BR","potentialAction":[{"@type":"ReadAction","target":["https:\/\/gruposalmeron.com.br\/metalicos\/servicos\/"]}]},{"@type":"BreadcrumbList","@id":"https:\/\/gruposalmeron.com.br\/metalicos\/servicos\/#breadcrumb","itemListElement":[{"@type":"ListItem","position":1,"name":"In\u00edcio","item":"https:\/\/gruposalmeron.com.br\/metalicos\/"},{"@type":"ListItem","position":2,"name":"Servi\u00e7os"}]},{"@type":"WebSite","@id":"https:\/\/gruposalmeron.com.br\/metalicos\/#website","url":"https:\/\/gruposalmeron.com.br\/metalicos\/","name":"Grupo Salmeron - Gest\u00e3o de Res\u00edduos Met\u00e1licos","description":"Grupo Salmeron - Met\u00e1licos","publisher":{"@id":"https:\/\/gruposalmeron.com.br\/metalicos\/#organization"},"potentialAction":[{"@type":"SearchAction","target":{"@type":"EntryPoint","urlTemplate":"https:\/\/gruposalmeron.com.br\/metalicos\/?s={search_term_string}"},"query-input":{"@type":"PropertyValueSpecification","valueRequired":true,"valueName":"search_term_string"}}],"inLanguage":"pt-BR"},{"@type":"Organization","@id":"https:\/\/gruposalmeron.com.br\/metalicos\/#organization","name":"Grupo Salmeron - Gest\u00e3o de Res\u00edduos Met\u00e1licos","url":"https:\/\/gruposalmeron.com.br\/metalicos\/","logo":{"@type":"ImageObject","inLanguage":"pt-BR","@id":"https:\/\/gruposalmeron.com.br\/metalicos\/#\/schema\/logo\/image\/","url":"https:\/\/gruposalmeron.com.br\/metalicos\/wp-content\/uploads\/2023\/12\/gruposalmeron-reciclagem-de-madeira.webp","contentUrl":"https:\/\/gruposalmeron.com.br\/metalicos\/wp-content\/uploads\/2023\/12\/gruposalmeron-reciclagem-de-madeira.webp","width":156,"height":43,"caption":"Grupo Salmeron - Gest\u00e3o de Res\u00edduos Met\u00e1licos"},"image":{"@id":"https:\/\/gruposalmeron.com.br\/metalicos\/#\/schema\/logo\/image\/"},"sameAs":["https:\/\/www.facebook.com\/gruposalmeron\/"]}]}},"_links":{"self":[{"href":"https:\/\/gruposalmeron.com.br\/metalicos\/wp-json\/wp\/v2\/pages\/1981","targetHints":{"allow":["GET"]}}],"collection":[{"href":"https:\/\/gruposalmeron.com.br\/metalicos\/wp-json\/wp\/v2\/pages"}],"about":[{"href":"https:\/\/gruposalmeron.com.br\/metalicos\/wp-json\/wp\/v2\/types\/page"}],"author":[{"embeddable":true,"href":"https:\/\/gruposalmeron.com.br\/metalicos\/wp-json\/wp\/v2\/users\/1"}],"replies":[{"embeddable":true,"href":"https:\/\/gruposalmeron.com.br\/metalicos\/wp-json\/wp\/v2\/comments?post=1981"}],"version-history":[{"count":156,"href":"https:\/\/gruposalmeron.com.br\/metalicos\/wp-json\/wp\/v2\/pages\/1981\/revisions"}],"predecessor-version":[{"id":3286,"href":"https:\/\/gruposalmeron.com.br\/metalicos\/wp-json\/wp\/v2\/pages\/1981\/revisions\/3286"}],"wp:attachment":[{"href":"https:\/\/gruposalmeron.com.br\/metalicos\/wp-json\/wp\/v2\/media?parent=1981"}],"curies":[{"name":"wp","href":"https:\/\/api.w.org\/{rel}","templated":true}]}}