{"id":893,"date":"2023-12-30T00:29:46","date_gmt":"2023-12-30T00:29:46","guid":{"rendered":"https:\/\/gruposalmeron.everestis.ppg.br\/?page_id=893"},"modified":"2024-07-08T11:44:57","modified_gmt":"2024-07-08T14:44:57","slug":"governanca","status":"publish","type":"page","link":"https:\/\/gruposalmeron.com.br\/en\/governanca\/","title":{"rendered":"Governan\u00e7a"},"content":{"rendered":"<div data-elementor-type=\"wp-page\" data-elementor-id=\"893\" class=\"elementor elementor-893\" data-elementor-post-type=\"page\">\n\t\t\t\t<div class=\"elementor-element elementor-element-449901b e-flex e-con-boxed e-con e-parent\" data-id=\"449901b\" data-element_type=\"container\" data-e-type=\"container\" data-settings=\"{&quot;background_background&quot;:&quot;classic&quot;}\">\n\t\t\t\t\t<div class=\"e-con-inner\">\n\t\t\t\t<div class=\"elementor-element elementor-element-fc80d22 elementor-widget elementor-widget-heading\" data-id=\"fc80d22\" data-element_type=\"widget\" data-e-type=\"widget\" data-widget_type=\"heading.default\">\n\t\t\t\t<div class=\"elementor-widget-container\">\n\t\t\t\t\t<h2 class=\"elementor-heading-title elementor-size-default\">GOVERNAN\u00c7A<\/h2>\t\t\t\t<\/div>\n\t\t\t\t<\/div>\n\t\t\t\t\t<\/div>\n\t\t\t\t<\/div>\n\t\t<div class=\"elementor-element elementor-element-ffbddc2 e-con-full e-flex e-con e-parent\" data-id=\"ffbddc2\" data-element_type=\"container\" data-e-type=\"container\">\n\t\t<div class=\"elementor-element elementor-element-92a29d2 e-con-full e-flex e-con e-child\" data-id=\"92a29d2\" data-element_type=\"container\" data-e-type=\"container\" data-settings=\"{&quot;background_background&quot;:&quot;classic&quot;}\">\n\t\t\t\t<div class=\"elementor-element elementor-element-fa21a00 elementor-widget elementor-widget-image\" data-id=\"fa21a00\" data-element_type=\"widget\" data-e-type=\"widget\" data-widget_type=\"image.default\">\n\t\t\t\t<div class=\"elementor-widget-container\">\n\t\t\t\t\t\t\t\t\t\t\t\t\t\t\t<img decoding=\"async\" width=\"352\" height=\"97\" src=\"https:\/\/gruposalmeron.com.br\/wp-content\/uploads\/2023\/12\/grupo-salmeron-reciclagem-de-madeira.webp\" class=\"attachment-large size-large wp-image-904\" alt=\"\" srcset=\"https:\/\/gruposalmeron.com.br\/wp-content\/uploads\/2023\/12\/grupo-salmeron-reciclagem-de-madeira.webp 352w, https:\/\/gruposalmeron.com.br\/wp-content\/uploads\/2023\/12\/grupo-salmeron-reciclagem-de-madeira-300x83.webp 300w\" sizes=\"(max-width: 352px) 100vw, 352px\" \/>\t\t\t\t\t\t\t\t\t\t\t\t\t\t\t<\/div>\n\t\t\t\t<\/div>\n\t\t\t\t<\/div>\n\t\t<div class=\"elementor-element elementor-element-906b67f e-con-full e-flex e-con e-child\" data-id=\"906b67f\" data-element_type=\"container\" data-e-type=\"container\">\n\t\t\t\t<div class=\"elementor-element elementor-element-b9755a7 elementor-widget elementor-widget-heading\" data-id=\"b9755a7\" data-element_type=\"widget\" data-e-type=\"widget\" data-widget_type=\"heading.default\">\n\t\t\t\t<div class=\"elementor-widget-container\">\n\t\t\t\t\t<h2 class=\"elementor-heading-title elementor-size-default\">Governan\u00e7a Corporativa<\/h2>\t\t\t\t<\/div>\n\t\t\t\t<\/div>\n\t\t\t\t<div class=\"elementor-element elementor-element-a6ad8c1 elementor-widget elementor-widget-heading\" data-id=\"a6ad8c1\" data-element_type=\"widget\" data-e-type=\"widget\" data-widget_type=\"heading.default\">\n\t\t\t\t<div class=\"elementor-widget-container\">\n\t\t\t\t\t<h2 class=\"elementor-heading-title elementor-size-default\">A \u00e9tica, transpar\u00eancia, sustentabilidade s\u00e3o as bases de constru\u00e7\u00e3o das pol\u00edticas de governan\u00e7a corporativa do Grupo Salmeron, que norteiam para um ambiente de neg\u00f3cios justo e transparente, respeitando o legado familiar, \u00e0s leis aos regulamentos. \n\n \n\nNosso modelo de Governan\u00e7a est\u00e1 pautado pelas Boas Pr\u00e1ticas de Governan\u00e7a Corporativa proposto pelo Instituto Brasileiro de Governan\u00e7a Corporativa - IBGC. Os \u00f3rg\u00e3os internos operacionais est\u00e3o divididos por \u00e1reas, tendo cada departamento uma diretoria pr\u00f3pria. <\/h2>\t\t\t\t<\/div>\n\t\t\t\t<\/div>\n\t\t\t\t<\/div>\n\t\t\t\t<\/div>\n\t\t<div class=\"elementor-element elementor-element-4788045 e-con-full e-flex e-con e-parent\" data-id=\"4788045\" data-element_type=\"container\" data-e-type=\"container\">\n\t\t<div class=\"elementor-element elementor-element-b9e82b6 e-con-full e-flex e-con e-child\" data-id=\"b9e82b6\" data-element_type=\"container\" data-e-type=\"container\">\n\t\t\t\t<div class=\"elementor-element elementor-element-b511390 elementor-widget elementor-widget-heading\" data-id=\"b511390\" data-element_type=\"widget\" data-e-type=\"widget\" data-widget_type=\"heading.default\">\n\t\t\t\t<div class=\"elementor-widget-container\">\n\t\t\t\t\t<h2 class=\"elementor-heading-title elementor-size-default\">A Governan\u00e7a Corporativa do Grupo Salmeron abrange todas as nossas pr\u00e1ticas, processos e pol\u00edticas, visando regular a maneira como conduzimos as rela\u00e7\u00f5es internas, externas e todo o ambiente institucional.\n\n \n\nDesse modo, estabelecemos sistemas de organiza\u00e7\u00e3o pelos quais incentivamos condutas \u00e9ticas, transparentes e sustent\u00e1veis em todas as marcas pertencentes ao Grupo.<\/h2>\t\t\t\t<\/div>\n\t\t\t\t<\/div>\n\t\t\t\t<\/div>\n\t\t<div class=\"elementor-element elementor-element-4b7cd6f e-con-full e-flex e-con e-child\" data-id=\"4b7cd6f\" data-element_type=\"container\" data-e-type=\"container\" data-settings=\"{&quot;background_background&quot;:&quot;classic&quot;}\">\n\t\t\t\t<\/div>\n\t\t\t\t<\/div>\n\t\t\t\t<\/div>","protected":false},"excerpt":{"rendered":"<p>GOVERNAN\u00c7A Governan\u00e7a Corporativa A \u00e9tica, transpar\u00eancia, sustentabilidade s\u00e3o as bases de constru\u00e7\u00e3o das pol\u00edticas de governan\u00e7a corporativa do Grupo Salmeron, que norteiam para um ambiente de neg\u00f3cios justo e transparente, respeitando o legado familiar, \u00e0s leis aos regulamentos. Nosso modelo de Governan\u00e7a est\u00e1 pautado pelas Boas Pr\u00e1ticas de Governan\u00e7a Corporativa proposto pelo Instituto Brasileiro de [&hellip;]<\/p>\n","protected":false},"author":1,"featured_media":0,"parent":0,"menu_order":0,"comment_status":"closed","ping_status":"closed","template":"","meta":{"footnotes":""},"class_list":["post-893","page","type-page","status-publish","hentry"],"yoast_head":"<!-- This site is optimized with the Yoast SEO plugin v26.9 - https:\/\/yoast.com\/product\/yoast-seo-wordpress\/ -->\n<title>Governan\u00e7a - Grupo Salmeron - A l\u00edder e pioneira em gest\u00e3o de res\u00edduos - Reciclagem de Madeira<\/title>\n<meta name=\"robots\" content=\"index, follow, max-snippet:-1, max-image-preview:large, max-video-preview:-1\" \/>\n<link rel=\"canonical\" href=\"https:\/\/gruposalmeron.com.br\/en\/governanca\/\" \/>\n<meta property=\"og:locale\" content=\"en_US\" \/>\n<meta property=\"og:type\" content=\"article\" \/>\n<meta property=\"og:title\" content=\"Governan\u00e7a - Grupo Salmeron - A l\u00edder e pioneira em gest\u00e3o de res\u00edduos - Reciclagem de Madeira\" \/>\n<meta property=\"og:description\" content=\"GOVERNAN\u00c7A Governan\u00e7a Corporativa A \u00e9tica, transpar\u00eancia, sustentabilidade s\u00e3o as bases de constru\u00e7\u00e3o das pol\u00edticas de governan\u00e7a corporativa do Grupo Salmeron, que norteiam para um ambiente de neg\u00f3cios justo e transparente, respeitando o legado familiar, \u00e0s leis aos regulamentos. Nosso modelo de Governan\u00e7a est\u00e1 pautado pelas Boas Pr\u00e1ticas de Governan\u00e7a Corporativa proposto pelo Instituto Brasileiro de [&hellip;]\" \/>\n<meta property=\"og:url\" content=\"https:\/\/gruposalmeron.com.br\/en\/governanca\/\" \/>\n<meta property=\"og:site_name\" content=\"Grupo Salmeron - A l\u00edder e pioneira em gest\u00e3o de res\u00edduos - Reciclagem de Madeira\" \/>\n<meta property=\"article:publisher\" content=\"https:\/\/www.facebook.com\/gruposalmeron\/\" \/>\n<meta property=\"article:modified_time\" content=\"2024-07-08T14:44:57+00:00\" \/>\n<meta property=\"og:image\" content=\"https:\/\/gruposalmeron.com.br\/wp-content\/uploads\/2023\/12\/grupo-salmeron-reciclagem-de-madeira.webp\" \/>\n<meta name=\"twitter:card\" content=\"summary_large_image\" \/>\n<meta name=\"twitter:label1\" content=\"Est. reading time\" \/>\n\t<meta name=\"twitter:data1\" content=\"1 minute\" \/>\n<script type=\"application\/ld+json\" class=\"yoast-schema-graph\">{\"@context\":\"https:\/\/schema.org\",\"@graph\":[{\"@type\":\"WebPage\",\"@id\":\"https:\/\/gruposalmeron.com.br\/governanca\/\",\"url\":\"https:\/\/gruposalmeron.com.br\/governanca\/\",\"name\":\"Governan\u00e7a - Grupo Salmeron - A l\u00edder e pioneira em gest\u00e3o de res\u00edduos - Reciclagem de Madeira\",\"isPartOf\":{\"@id\":\"https:\/\/gruposalmeron.com.br\/#website\"},\"primaryImageOfPage\":{\"@id\":\"https:\/\/gruposalmeron.com.br\/governanca\/#primaryimage\"},\"image\":{\"@id\":\"https:\/\/gruposalmeron.com.br\/governanca\/#primaryimage\"},\"thumbnailUrl\":\"https:\/\/gruposalmeron.com.br\/wp-content\/uploads\/2023\/12\/grupo-salmeron-reciclagem-de-madeira.webp\",\"datePublished\":\"2023-12-30T00:29:46+00:00\",\"dateModified\":\"2024-07-08T14:44:57+00:00\",\"breadcrumb\":{\"@id\":\"https:\/\/gruposalmeron.com.br\/governanca\/#breadcrumb\"},\"inLanguage\":\"en-US\",\"potentialAction\":[{\"@type\":\"ReadAction\",\"target\":[\"https:\/\/gruposalmeron.com.br\/governanca\/\"]}]},{\"@type\":\"ImageObject\",\"inLanguage\":\"en-US\",\"@id\":\"https:\/\/gruposalmeron.com.br\/governanca\/#primaryimage\",\"url\":\"https:\/\/gruposalmeron.com.br\/wp-content\/uploads\/2023\/12\/grupo-salmeron-reciclagem-de-madeira.webp\",\"contentUrl\":\"https:\/\/gruposalmeron.com.br\/wp-content\/uploads\/2023\/12\/grupo-salmeron-reciclagem-de-madeira.webp\"},{\"@type\":\"BreadcrumbList\",\"@id\":\"https:\/\/gruposalmeron.com.br\/governanca\/#breadcrumb\",\"itemListElement\":[{\"@type\":\"ListItem\",\"position\":1,\"name\":\"In\u00edcio\",\"item\":\"https:\/\/gruposalmeron.com.br\/\"},{\"@type\":\"ListItem\",\"position\":2,\"name\":\"Governan\u00e7a\"}]},{\"@type\":\"WebSite\",\"@id\":\"https:\/\/gruposalmeron.com.br\/#website\",\"url\":\"https:\/\/gruposalmeron.com.br\/\",\"name\":\"Grupo Salmeron - Gest\u00e3o de Res\u00edduos - Reciclagem de Madeira\",\"description\":\"Grupo Salmeron - A l\u00edder e pioneira em gest\u00e3o de res\u00edduos - Reciclagem de Madeira\",\"publisher\":{\"@id\":\"https:\/\/gruposalmeron.com.br\/#organization\"},\"potentialAction\":[{\"@type\":\"SearchAction\",\"target\":{\"@type\":\"EntryPoint\",\"urlTemplate\":\"https:\/\/gruposalmeron.com.br\/?s={search_term_string}\"},\"query-input\":{\"@type\":\"PropertyValueSpecification\",\"valueRequired\":true,\"valueName\":\"search_term_string\"}}],\"inLanguage\":\"en-US\"},{\"@type\":\"Organization\",\"@id\":\"https:\/\/gruposalmeron.com.br\/#organization\",\"name\":\"Grupo Salmeron - Gest\u00e3o de Res\u00edduos - Reciclagem de Madeira\",\"url\":\"https:\/\/gruposalmeron.com.br\/\",\"logo\":{\"@type\":\"ImageObject\",\"inLanguage\":\"en-US\",\"@id\":\"https:\/\/gruposalmeron.com.br\/#\/schema\/logo\/image\/\",\"url\":\"https:\/\/gruposalmeron.com.br\/wp-content\/uploads\/2023\/12\/gruposalmeron-reciclagem-de-madeira.webp\",\"contentUrl\":\"https:\/\/gruposalmeron.com.br\/wp-content\/uploads\/2023\/12\/gruposalmeron-reciclagem-de-madeira.webp\",\"width\":156,\"height\":43,\"caption\":\"Grupo Salmeron - Gest\u00e3o de Res\u00edduos - Reciclagem de Madeira\"},\"image\":{\"@id\":\"https:\/\/gruposalmeron.com.br\/#\/schema\/logo\/image\/\"},\"sameAs\":[\"https:\/\/www.facebook.com\/gruposalmeron\/\"]}]}<\/script>\n<!-- \/ Yoast SEO plugin. -->","yoast_head_json":{"title":"Governan\u00e7a - Grupo Salmeron - A l\u00edder e pioneira em gest\u00e3o de res\u00edduos - Reciclagem de Madeira","robots":{"index":"index","follow":"follow","max-snippet":"max-snippet:-1","max-image-preview":"max-image-preview:large","max-video-preview":"max-video-preview:-1"},"canonical":"https:\/\/gruposalmeron.com.br\/en\/governanca\/","og_locale":"en_US","og_type":"article","og_title":"Governan\u00e7a - Grupo Salmeron - A l\u00edder e pioneira em gest\u00e3o de res\u00edduos - Reciclagem de Madeira","og_description":"GOVERNAN\u00c7A Governan\u00e7a Corporativa A \u00e9tica, transpar\u00eancia, sustentabilidade s\u00e3o as bases de constru\u00e7\u00e3o das pol\u00edticas de governan\u00e7a corporativa do Grupo Salmeron, que norteiam para um ambiente de neg\u00f3cios justo e transparente, respeitando o legado familiar, \u00e0s leis aos regulamentos. Nosso modelo de Governan\u00e7a est\u00e1 pautado pelas Boas Pr\u00e1ticas de Governan\u00e7a Corporativa proposto pelo Instituto Brasileiro de [&hellip;]","og_url":"https:\/\/gruposalmeron.com.br\/en\/governanca\/","og_site_name":"Grupo Salmeron - A l\u00edder e pioneira em gest\u00e3o de res\u00edduos - Reciclagem de Madeira","article_publisher":"https:\/\/www.facebook.com\/gruposalmeron\/","article_modified_time":"2024-07-08T14:44:57+00:00","og_image":[{"url":"https:\/\/gruposalmeron.com.br\/wp-content\/uploads\/2023\/12\/grupo-salmeron-reciclagem-de-madeira.webp","type":"","width":"","height":""}],"twitter_card":"summary_large_image","twitter_misc":{"Est. reading time":"1 minute"},"schema":{"@context":"https:\/\/schema.org","@graph":[{"@type":"WebPage","@id":"https:\/\/gruposalmeron.com.br\/governanca\/","url":"https:\/\/gruposalmeron.com.br\/governanca\/","name":"Governan\u00e7a - Grupo Salmeron - A l\u00edder e pioneira em gest\u00e3o de res\u00edduos - Reciclagem de Madeira","isPartOf":{"@id":"https:\/\/gruposalmeron.com.br\/#website"},"primaryImageOfPage":{"@id":"https:\/\/gruposalmeron.com.br\/governanca\/#primaryimage"},"image":{"@id":"https:\/\/gruposalmeron.com.br\/governanca\/#primaryimage"},"thumbnailUrl":"https:\/\/gruposalmeron.com.br\/wp-content\/uploads\/2023\/12\/grupo-salmeron-reciclagem-de-madeira.webp","datePublished":"2023-12-30T00:29:46+00:00","dateModified":"2024-07-08T14:44:57+00:00","breadcrumb":{"@id":"https:\/\/gruposalmeron.com.br\/governanca\/#breadcrumb"},"inLanguage":"en-US","potentialAction":[{"@type":"ReadAction","target":["https:\/\/gruposalmeron.com.br\/governanca\/"]}]},{"@type":"ImageObject","inLanguage":"en-US","@id":"https:\/\/gruposalmeron.com.br\/governanca\/#primaryimage","url":"https:\/\/gruposalmeron.com.br\/wp-content\/uploads\/2023\/12\/grupo-salmeron-reciclagem-de-madeira.webp","contentUrl":"https:\/\/gruposalmeron.com.br\/wp-content\/uploads\/2023\/12\/grupo-salmeron-reciclagem-de-madeira.webp"},{"@type":"BreadcrumbList","@id":"https:\/\/gruposalmeron.com.br\/governanca\/#breadcrumb","itemListElement":[{"@type":"ListItem","position":1,"name":"In\u00edcio","item":"https:\/\/gruposalmeron.com.br\/"},{"@type":"ListItem","position":2,"name":"Governan\u00e7a"}]},{"@type":"WebSite","@id":"https:\/\/gruposalmeron.com.br\/#website","url":"https:\/\/gruposalmeron.com.br\/","name":"Grupo Salmeron - Gest\u00e3o de Res\u00edduos - Reciclagem de Madeira","description":"Grupo Salmeron - A l\u00edder e pioneira em gest\u00e3o de res\u00edduos - Reciclagem de Madeira","publisher":{"@id":"https:\/\/gruposalmeron.com.br\/#organization"},"potentialAction":[{"@type":"SearchAction","target":{"@type":"EntryPoint","urlTemplate":"https:\/\/gruposalmeron.com.br\/?s={search_term_string}"},"query-input":{"@type":"PropertyValueSpecification","valueRequired":true,"valueName":"search_term_string"}}],"inLanguage":"en-US"},{"@type":"Organization","@id":"https:\/\/gruposalmeron.com.br\/#organization","name":"Grupo Salmeron - Gest\u00e3o de Res\u00edduos - Reciclagem de Madeira","url":"https:\/\/gruposalmeron.com.br\/","logo":{"@type":"ImageObject","inLanguage":"en-US","@id":"https:\/\/gruposalmeron.com.br\/#\/schema\/logo\/image\/","url":"https:\/\/gruposalmeron.com.br\/wp-content\/uploads\/2023\/12\/gruposalmeron-reciclagem-de-madeira.webp","contentUrl":"https:\/\/gruposalmeron.com.br\/wp-content\/uploads\/2023\/12\/gruposalmeron-reciclagem-de-madeira.webp","width":156,"height":43,"caption":"Grupo Salmeron - Gest\u00e3o de Res\u00edduos - Reciclagem de Madeira"},"image":{"@id":"https:\/\/gruposalmeron.com.br\/#\/schema\/logo\/image\/"},"sameAs":["https:\/\/www.facebook.com\/gruposalmeron\/"]}]}},"_links":{"self":[{"href":"https:\/\/gruposalmeron.com.br\/en\/wp-json\/wp\/v2\/pages\/893","targetHints":{"allow":["GET"]}}],"collection":[{"href":"https:\/\/gruposalmeron.com.br\/en\/wp-json\/wp\/v2\/pages"}],"about":[{"href":"https:\/\/gruposalmeron.com.br\/en\/wp-json\/wp\/v2\/types\/page"}],"author":[{"embeddable":true,"href":"https:\/\/gruposalmeron.com.br\/en\/wp-json\/wp\/v2\/users\/1"}],"replies":[{"embeddable":true,"href":"https:\/\/gruposalmeron.com.br\/en\/wp-json\/wp\/v2\/comments?post=893"}],"version-history":[{"count":0,"href":"https:\/\/gruposalmeron.com.br\/en\/wp-json\/wp\/v2\/pages\/893\/revisions"}],"wp:attachment":[{"href":"https:\/\/gruposalmeron.com.br\/en\/wp-json\/wp\/v2\/media?parent=893"}],"curies":[{"name":"wp","href":"https:\/\/api.w.org\/{rel}","templated":true}]}}