{"id":858,"date":"2023-12-29T13:32:34","date_gmt":"2023-12-29T13:32:34","guid":{"rendered":"https:\/\/gruposalmeron.everestis.ppg.br\/?page_id=858"},"modified":"2026-02-09T22:14:35","modified_gmt":"2026-02-10T01:14:35","slug":"valores","status":"publish","type":"page","link":"https:\/\/gruposalmeron.com.br\/en\/valores\/","title":{"rendered":"Valores"},"content":{"rendered":"<div data-elementor-type=\"wp-page\" data-elementor-id=\"858\" class=\"elementor elementor-858\" data-elementor-post-type=\"page\">\n\t\t\t\t<div class=\"elementor-element elementor-element-47c356f e-con-full e-flex e-con e-parent\" data-id=\"47c356f\" data-element_type=\"container\" data-e-type=\"container\">\n\t\t<div class=\"elementor-element elementor-element-2d3172d e-flex e-con-boxed e-con e-child\" data-id=\"2d3172d\" data-element_type=\"container\" data-e-type=\"container\" data-settings=\"{&quot;background_background&quot;:&quot;classic&quot;}\">\n\t\t\t\t\t<div class=\"e-con-inner\">\n\t\t\t\t<div class=\"elementor-element elementor-element-e4fc0f1 elementor-widget elementor-widget-heading\" data-id=\"e4fc0f1\" data-element_type=\"widget\" data-e-type=\"widget\" data-widget_type=\"heading.default\">\n\t\t\t\t<div class=\"elementor-widget-container\">\n\t\t\t\t\t<h2 class=\"elementor-heading-title elementor-size-default\">VALORES<\/h2>\t\t\t\t<\/div>\n\t\t\t\t<\/div>\n\t\t\t\t<div class=\"elementor-element elementor-element-e4fdec5 elementor-widget-divider--view-line elementor-widget elementor-widget-divider\" data-id=\"e4fdec5\" data-element_type=\"widget\" data-e-type=\"widget\" data-widget_type=\"divider.default\">\n\t\t\t\t<div class=\"elementor-widget-container\">\n\t\t\t\t\t\t\t<div class=\"elementor-divider\">\n\t\t\t<span class=\"elementor-divider-separator\">\n\t\t\t\t\t\t<\/span>\n\t\t<\/div>\n\t\t\t\t\t\t<\/div>\n\t\t\t\t<\/div>\n\t\t\t\t\t<\/div>\n\t\t\t\t<\/div>\n\t\t\t\t<\/div>\n\t\t<div class=\"elementor-element elementor-element-85d6c3e e-flex e-con-boxed e-con e-parent\" data-id=\"85d6c3e\" data-element_type=\"container\" data-e-type=\"container\" data-settings=\"{&quot;background_background&quot;:&quot;classic&quot;}\">\n\t\t\t\t\t<div class=\"e-con-inner\">\n\t\t\t\t<div class=\"elementor-element elementor-element-f2cf62e elementor-align-left elementor-mobile-align-center elementor-widget elementor-widget-breadcrumbs\" data-id=\"f2cf62e\" data-element_type=\"widget\" data-e-type=\"widget\" data-widget_type=\"breadcrumbs.default\">\n\t\t\t\t<div class=\"elementor-widget-container\">\n\t\t\t\t\t<p id=\"breadcrumbs\"><span><span><a href=\"https:\/\/gruposalmeron.com.br\/en\/\">In\u00edcio<\/a><\/span><\/span><\/p>\t\t\t\t<\/div>\n\t\t\t\t<\/div>\n\t\t\t\t\t<\/div>\n\t\t\t\t<\/div>\n\t\t<div class=\"elementor-element elementor-element-ffbddc2 e-con-full e-flex e-con e-parent\" data-id=\"ffbddc2\" data-element_type=\"container\" data-e-type=\"container\">\n\t\t<div class=\"elementor-element elementor-element-92a29d2 e-con-full e-flex e-con e-child\" data-id=\"92a29d2\" data-element_type=\"container\" data-e-type=\"container\" data-settings=\"{&quot;background_background&quot;:&quot;classic&quot;}\">\n\t\t\t\t<\/div>\n\t\t<div class=\"elementor-element elementor-element-906b67f e-con-full e-flex e-con e-child\" data-id=\"906b67f\" data-element_type=\"container\" data-e-type=\"container\">\n\t\t\t\t<div class=\"elementor-element elementor-element-b9755a7 elementor-widget elementor-widget-heading\" data-id=\"b9755a7\" data-element_type=\"widget\" data-e-type=\"widget\" data-widget_type=\"heading.default\">\n\t\t\t\t<div class=\"elementor-widget-container\">\n\t\t\t\t\t<h2 class=\"elementor-heading-title elementor-size-default\">Miss\u00e3o<\/h2>\t\t\t\t<\/div>\n\t\t\t\t<\/div>\n\t\t\t\t<div class=\"elementor-element elementor-element-a6ad8c1 elementor-widget elementor-widget-heading\" data-id=\"a6ad8c1\" data-element_type=\"widget\" data-e-type=\"widget\" data-widget_type=\"heading.default\">\n\t\t\t\t<div class=\"elementor-widget-container\">\n\t\t\t\t\t<h2 class=\"elementor-heading-title elementor-size-default\">Contribuir para a vida, desenvolvendo solu\u00e7\u00f5es que promovem a sustentabilidade no dia a dia de ind\u00fastrias e pessoas.<\/h2>\t\t\t\t<\/div>\n\t\t\t\t<\/div>\n\t\t\t\t<\/div>\n\t\t\t\t<\/div>\n\t\t<div class=\"elementor-element elementor-element-449901b e-flex e-con-boxed e-con e-parent\" data-id=\"449901b\" data-element_type=\"container\" data-e-type=\"container\" data-settings=\"{&quot;background_background&quot;:&quot;video&quot;,&quot;background_video_link&quot;:&quot;https:\\\/\\\/youtu.be\\\/v_W9Pytd3NE?si=_iDyqF38O-ct1ZHp&quot;,&quot;background_play_on_mobile&quot;:&quot;yes&quot;}\">\n\t\t\t\t\t<div class=\"e-con-inner\">\n\t\t<div class=\"elementor-background-video-container\">\n\t\t\t\t\t\t\t<div class=\"elementor-background-video-embed\" role=\"presentation\"><\/div>\n\t\t\t\t\t\t<\/div>\t\t<div class=\"elementor-element elementor-element-fc80d22 elementor-widget elementor-widget-heading\" data-id=\"fc80d22\" data-element_type=\"widget\" data-e-type=\"widget\" data-widget_type=\"heading.default\">\n\t\t\t\t<div class=\"elementor-widget-container\">\n\t\t\t\t\t<h2 class=\"elementor-heading-title elementor-size-default\">Valores que passam de gera\u00e7\u00e3o em  gera\u00e7\u00e3o<\/h2>\t\t\t\t<\/div>\n\t\t\t\t<\/div>\n\t\t\t\t\t<\/div>\n\t\t\t\t<\/div>\n\t\t<div class=\"elementor-element elementor-element-4788045 e-con-full e-flex e-con e-parent\" data-id=\"4788045\" data-element_type=\"container\" data-e-type=\"container\">\n\t\t<div class=\"elementor-element elementor-element-b9e82b6 e-con-full e-flex e-con e-child\" data-id=\"b9e82b6\" data-element_type=\"container\" data-e-type=\"container\">\n\t\t\t\t<div class=\"elementor-element elementor-element-6397832 elementor-widget elementor-widget-heading\" data-id=\"6397832\" data-element_type=\"widget\" data-e-type=\"widget\" data-widget_type=\"heading.default\">\n\t\t\t\t<div class=\"elementor-widget-container\">\n\t\t\t\t\t<h2 class=\"elementor-heading-title elementor-size-default\">Vis\u00e3o<\/h2>\t\t\t\t<\/div>\n\t\t\t\t<\/div>\n\t\t\t\t<div class=\"elementor-element elementor-element-873456b elementor-widget elementor-widget-heading\" data-id=\"873456b\" data-element_type=\"widget\" data-e-type=\"widget\" data-widget_type=\"heading.default\">\n\t\t\t\t<div class=\"elementor-widget-container\">\n\t\t\t\t\t<h2 class=\"elementor-heading-title elementor-size-default\">Ser reconhecida como a melhor e mais inovadora empresa de valoriza\u00e7\u00e3o de res\u00edduos do Mercosul.<\/h2>\t\t\t\t<\/div>\n\t\t\t\t<\/div>\n\t\t\t\t<\/div>\n\t\t<div class=\"elementor-element elementor-element-4b7cd6f e-con-full e-flex e-con e-child\" data-id=\"4b7cd6f\" data-element_type=\"container\" data-e-type=\"container\" data-settings=\"{&quot;background_background&quot;:&quot;classic&quot;}\">\n\t\t\t\t<\/div>\n\t\t\t\t<\/div>\n\t\t<div class=\"elementor-element elementor-element-502b7c6 e-con-full e-flex e-con e-parent\" data-id=\"502b7c6\" data-element_type=\"container\" data-e-type=\"container\">\n\t\t<div class=\"elementor-element elementor-element-25efac2 e-con-full e-flex e-con e-child\" data-id=\"25efac2\" data-element_type=\"container\" data-e-type=\"container\" data-settings=\"{&quot;background_background&quot;:&quot;classic&quot;}\">\n\t\t\t\t<div class=\"elementor-element elementor-element-746fab7 elementor-widget elementor-widget-heading\" data-id=\"746fab7\" data-element_type=\"widget\" data-e-type=\"widget\" data-widget_type=\"heading.default\">\n\t\t\t\t<div class=\"elementor-widget-container\">\n\t\t\t\t\t<h2 class=\"elementor-heading-title elementor-size-default\">VERDADE<\/h2>\t\t\t\t<\/div>\n\t\t\t\t<\/div>\n\t\t\t\t<\/div>\n\t\t<div class=\"elementor-element elementor-element-adf37a8 e-con-full e-flex e-con e-child\" data-id=\"adf37a8\" data-element_type=\"container\" data-e-type=\"container\" data-settings=\"{&quot;background_background&quot;:&quot;classic&quot;}\">\n\t\t\t\t<div class=\"elementor-element elementor-element-ab10920 elementor-widget elementor-widget-heading\" data-id=\"ab10920\" data-element_type=\"widget\" data-e-type=\"widget\" data-widget_type=\"heading.default\">\n\t\t\t\t<div class=\"elementor-widget-container\">\n\t\t\t\t\t<h2 class=\"elementor-heading-title elementor-size-default\">INOVA\u00c7\u00c3O<\/h2>\t\t\t\t<\/div>\n\t\t\t\t<\/div>\n\t\t\t\t<\/div>\n\t\t<div class=\"elementor-element elementor-element-d883ea3 e-con-full e-flex e-con e-child\" data-id=\"d883ea3\" data-element_type=\"container\" data-e-type=\"container\" data-settings=\"{&quot;background_background&quot;:&quot;classic&quot;}\">\n\t\t\t\t<div class=\"elementor-element elementor-element-8ae01af elementor-widget elementor-widget-heading\" data-id=\"8ae01af\" data-element_type=\"widget\" data-e-type=\"widget\" data-widget_type=\"heading.default\">\n\t\t\t\t<div class=\"elementor-widget-container\">\n\t\t\t\t\t<h2 class=\"elementor-heading-title elementor-size-default\">INICIATIVA<\/h2>\t\t\t\t<\/div>\n\t\t\t\t<\/div>\n\t\t\t\t<\/div>\n\t\t<div class=\"elementor-element elementor-element-955d44c e-con-full e-flex e-con e-child\" data-id=\"955d44c\" data-element_type=\"container\" data-e-type=\"container\" data-settings=\"{&quot;background_background&quot;:&quot;classic&quot;}\">\n\t\t\t\t<div class=\"elementor-element elementor-element-5272c1c elementor-widget elementor-widget-heading\" data-id=\"5272c1c\" data-element_type=\"widget\" data-e-type=\"widget\" data-widget_type=\"heading.default\">\n\t\t\t\t<div class=\"elementor-widget-container\">\n\t\t\t\t\t<h2 class=\"elementor-heading-title elementor-size-default\">SIMPLICIDADE<\/h2>\t\t\t\t<\/div>\n\t\t\t\t<\/div>\n\t\t\t\t<\/div>\n\t\t<div class=\"elementor-element elementor-element-c23a189 e-con-full e-flex e-con e-child\" data-id=\"c23a189\" data-element_type=\"container\" data-e-type=\"container\" data-settings=\"{&quot;background_background&quot;:&quot;classic&quot;}\">\n\t\t\t\t<div class=\"elementor-element elementor-element-d0b4062 elementor-widget elementor-widget-heading\" data-id=\"d0b4062\" data-element_type=\"widget\" data-e-type=\"widget\" data-widget_type=\"heading.default\">\n\t\t\t\t<div class=\"elementor-widget-container\">\n\t\t\t\t\t<h2 class=\"elementor-heading-title elementor-size-default\">SUSTENTABILIDADE<\/h2>\t\t\t\t<\/div>\n\t\t\t\t<\/div>\n\t\t\t\t<\/div>\n\t\t\t\t<\/div>\n\t\t\t\t<\/div>","protected":false},"excerpt":{"rendered":"<p>VALORES Miss\u00e3o Contribuir para a vida, desenvolvendo solu\u00e7\u00f5es que promovem a sustentabilidade no dia a dia de ind\u00fastrias e pessoas. Valores que passam de gera\u00e7\u00e3o em gera\u00e7\u00e3o Vis\u00e3o Ser reconhecida como a melhor e mais inovadora empresa de valoriza\u00e7\u00e3o de res\u00edduos do Mercosul. VERDADE INOVA\u00c7\u00c3O INICIATIVA SIMPLICIDADE SUSTENTABILIDADE<\/p>","protected":false},"author":1,"featured_media":0,"parent":0,"menu_order":0,"comment_status":"closed","ping_status":"closed","template":"","meta":{"footnotes":""},"class_list":["post-858","page","type-page","status-publish","hentry"],"yoast_head":"<!-- This site is optimized with the Yoast SEO plugin v26.9 - https:\/\/yoast.com\/product\/yoast-seo-wordpress\/ -->\n<title>Valores - Grupo Salmeron - A l\u00edder e pioneira em gest\u00e3o de res\u00edduos - Reciclagem de Madeira<\/title>\n<meta name=\"robots\" content=\"index, follow, max-snippet:-1, max-image-preview:large, max-video-preview:-1\" \/>\n<link rel=\"canonical\" href=\"https:\/\/gruposalmeron.com.br\/en\/valores\/\" \/>\n<meta property=\"og:locale\" content=\"en_US\" \/>\n<meta property=\"og:type\" content=\"article\" \/>\n<meta property=\"og:title\" content=\"Valores - Grupo Salmeron - A l\u00edder e pioneira em gest\u00e3o de res\u00edduos - Reciclagem de Madeira\" \/>\n<meta property=\"og:description\" content=\"VALORES Miss\u00e3o Contribuir para a vida, desenvolvendo solu\u00e7\u00f5es que promovem a sustentabilidade no dia a dia de ind\u00fastrias e pessoas. Valores que passam de gera\u00e7\u00e3o em gera\u00e7\u00e3o Vis\u00e3o Ser reconhecida como a melhor e mais inovadora empresa de valoriza\u00e7\u00e3o de res\u00edduos do Mercosul. VERDADE INOVA\u00c7\u00c3O INICIATIVA SIMPLICIDADE SUSTENTABILIDADE\" \/>\n<meta property=\"og:url\" content=\"https:\/\/gruposalmeron.com.br\/en\/valores\/\" \/>\n<meta property=\"og:site_name\" content=\"Grupo Salmeron - A l\u00edder e pioneira em gest\u00e3o de res\u00edduos - Reciclagem de Madeira\" \/>\n<meta property=\"article:publisher\" content=\"https:\/\/www.facebook.com\/gruposalmeron\/\" \/>\n<meta property=\"article:modified_time\" content=\"2026-02-10T01:14:35+00:00\" \/>\n<meta name=\"twitter:card\" content=\"summary_large_image\" \/>\n<meta name=\"twitter:label1\" content=\"Est. reading time\" \/>\n\t<meta name=\"twitter:data1\" content=\"1 minute\" \/>\n<script type=\"application\/ld+json\" class=\"yoast-schema-graph\">{\"@context\":\"https:\/\/schema.org\",\"@graph\":[{\"@type\":\"WebPage\",\"@id\":\"https:\/\/gruposalmeron.com.br\/valores\/\",\"url\":\"https:\/\/gruposalmeron.com.br\/valores\/\",\"name\":\"Valores - Grupo Salmeron - A l\u00edder e pioneira em gest\u00e3o de res\u00edduos - Reciclagem de Madeira\",\"isPartOf\":{\"@id\":\"https:\/\/gruposalmeron.com.br\/#website\"},\"datePublished\":\"2023-12-29T13:32:34+00:00\",\"dateModified\":\"2026-02-10T01:14:35+00:00\",\"breadcrumb\":{\"@id\":\"https:\/\/gruposalmeron.com.br\/valores\/#breadcrumb\"},\"inLanguage\":\"en-US\",\"potentialAction\":[{\"@type\":\"ReadAction\",\"target\":[\"https:\/\/gruposalmeron.com.br\/valores\/\"]}]},{\"@type\":\"BreadcrumbList\",\"@id\":\"https:\/\/gruposalmeron.com.br\/valores\/#breadcrumb\",\"itemListElement\":[{\"@type\":\"ListItem\",\"position\":1,\"name\":\"In\u00edcio\",\"item\":\"https:\/\/gruposalmeron.com.br\/\"},{\"@type\":\"ListItem\",\"position\":2,\"name\":\"Valores\"}]},{\"@type\":\"WebSite\",\"@id\":\"https:\/\/gruposalmeron.com.br\/#website\",\"url\":\"https:\/\/gruposalmeron.com.br\/\",\"name\":\"Grupo Salmeron - Gest\u00e3o de Res\u00edduos - Reciclagem de Madeira\",\"description\":\"Grupo Salmeron - A l\u00edder e pioneira em gest\u00e3o de res\u00edduos - Reciclagem de Madeira\",\"publisher\":{\"@id\":\"https:\/\/gruposalmeron.com.br\/#organization\"},\"potentialAction\":[{\"@type\":\"SearchAction\",\"target\":{\"@type\":\"EntryPoint\",\"urlTemplate\":\"https:\/\/gruposalmeron.com.br\/?s={search_term_string}\"},\"query-input\":{\"@type\":\"PropertyValueSpecification\",\"valueRequired\":true,\"valueName\":\"search_term_string\"}}],\"inLanguage\":\"en-US\"},{\"@type\":\"Organization\",\"@id\":\"https:\/\/gruposalmeron.com.br\/#organization\",\"name\":\"Grupo Salmeron - Gest\u00e3o de Res\u00edduos - Reciclagem de Madeira\",\"url\":\"https:\/\/gruposalmeron.com.br\/\",\"logo\":{\"@type\":\"ImageObject\",\"inLanguage\":\"en-US\",\"@id\":\"https:\/\/gruposalmeron.com.br\/#\/schema\/logo\/image\/\",\"url\":\"https:\/\/gruposalmeron.com.br\/wp-content\/uploads\/2023\/12\/gruposalmeron-reciclagem-de-madeira.webp\",\"contentUrl\":\"https:\/\/gruposalmeron.com.br\/wp-content\/uploads\/2023\/12\/gruposalmeron-reciclagem-de-madeira.webp\",\"width\":156,\"height\":43,\"caption\":\"Grupo Salmeron - Gest\u00e3o de Res\u00edduos - Reciclagem de Madeira\"},\"image\":{\"@id\":\"https:\/\/gruposalmeron.com.br\/#\/schema\/logo\/image\/\"},\"sameAs\":[\"https:\/\/www.facebook.com\/gruposalmeron\/\"]}]}<\/script>\n<!-- \/ Yoast SEO plugin. -->","yoast_head_json":{"title":"Valores - Grupo Salmeron - A l\u00edder e pioneira em gest\u00e3o de res\u00edduos - Reciclagem de Madeira","robots":{"index":"index","follow":"follow","max-snippet":"max-snippet:-1","max-image-preview":"max-image-preview:large","max-video-preview":"max-video-preview:-1"},"canonical":"https:\/\/gruposalmeron.com.br\/en\/valores\/","og_locale":"en_US","og_type":"article","og_title":"Valores - Grupo Salmeron - A l\u00edder e pioneira em gest\u00e3o de res\u00edduos - Reciclagem de Madeira","og_description":"VALORES Miss\u00e3o Contribuir para a vida, desenvolvendo solu\u00e7\u00f5es que promovem a sustentabilidade no dia a dia de ind\u00fastrias e pessoas. Valores que passam de gera\u00e7\u00e3o em gera\u00e7\u00e3o Vis\u00e3o Ser reconhecida como a melhor e mais inovadora empresa de valoriza\u00e7\u00e3o de res\u00edduos do Mercosul. VERDADE INOVA\u00c7\u00c3O INICIATIVA SIMPLICIDADE SUSTENTABILIDADE","og_url":"https:\/\/gruposalmeron.com.br\/en\/valores\/","og_site_name":"Grupo Salmeron - A l\u00edder e pioneira em gest\u00e3o de res\u00edduos - Reciclagem de Madeira","article_publisher":"https:\/\/www.facebook.com\/gruposalmeron\/","article_modified_time":"2026-02-10T01:14:35+00:00","twitter_card":"summary_large_image","twitter_misc":{"Est. reading time":"1 minute"},"schema":{"@context":"https:\/\/schema.org","@graph":[{"@type":"WebPage","@id":"https:\/\/gruposalmeron.com.br\/valores\/","url":"https:\/\/gruposalmeron.com.br\/valores\/","name":"Valores - Grupo Salmeron - A l\u00edder e pioneira em gest\u00e3o de res\u00edduos - Reciclagem de Madeira","isPartOf":{"@id":"https:\/\/gruposalmeron.com.br\/#website"},"datePublished":"2023-12-29T13:32:34+00:00","dateModified":"2026-02-10T01:14:35+00:00","breadcrumb":{"@id":"https:\/\/gruposalmeron.com.br\/valores\/#breadcrumb"},"inLanguage":"en-US","potentialAction":[{"@type":"ReadAction","target":["https:\/\/gruposalmeron.com.br\/valores\/"]}]},{"@type":"BreadcrumbList","@id":"https:\/\/gruposalmeron.com.br\/valores\/#breadcrumb","itemListElement":[{"@type":"ListItem","position":1,"name":"In\u00edcio","item":"https:\/\/gruposalmeron.com.br\/"},{"@type":"ListItem","position":2,"name":"Valores"}]},{"@type":"WebSite","@id":"https:\/\/gruposalmeron.com.br\/#website","url":"https:\/\/gruposalmeron.com.br\/","name":"Grupo Salmeron - Gest\u00e3o de Res\u00edduos - Reciclagem de Madeira","description":"Grupo Salmeron - A l\u00edder e pioneira em gest\u00e3o de res\u00edduos - Reciclagem de Madeira","publisher":{"@id":"https:\/\/gruposalmeron.com.br\/#organization"},"potentialAction":[{"@type":"SearchAction","target":{"@type":"EntryPoint","urlTemplate":"https:\/\/gruposalmeron.com.br\/?s={search_term_string}"},"query-input":{"@type":"PropertyValueSpecification","valueRequired":true,"valueName":"search_term_string"}}],"inLanguage":"en-US"},{"@type":"Organization","@id":"https:\/\/gruposalmeron.com.br\/#organization","name":"Grupo Salmeron - Gest\u00e3o de Res\u00edduos - Reciclagem de Madeira","url":"https:\/\/gruposalmeron.com.br\/","logo":{"@type":"ImageObject","inLanguage":"en-US","@id":"https:\/\/gruposalmeron.com.br\/#\/schema\/logo\/image\/","url":"https:\/\/gruposalmeron.com.br\/wp-content\/uploads\/2023\/12\/gruposalmeron-reciclagem-de-madeira.webp","contentUrl":"https:\/\/gruposalmeron.com.br\/wp-content\/uploads\/2023\/12\/gruposalmeron-reciclagem-de-madeira.webp","width":156,"height":43,"caption":"Grupo Salmeron - Gest\u00e3o de Res\u00edduos - Reciclagem de Madeira"},"image":{"@id":"https:\/\/gruposalmeron.com.br\/#\/schema\/logo\/image\/"},"sameAs":["https:\/\/www.facebook.com\/gruposalmeron\/"]}]}},"_links":{"self":[{"href":"https:\/\/gruposalmeron.com.br\/en\/wp-json\/wp\/v2\/pages\/858","targetHints":{"allow":["GET"]}}],"collection":[{"href":"https:\/\/gruposalmeron.com.br\/en\/wp-json\/wp\/v2\/pages"}],"about":[{"href":"https:\/\/gruposalmeron.com.br\/en\/wp-json\/wp\/v2\/types\/page"}],"author":[{"embeddable":true,"href":"https:\/\/gruposalmeron.com.br\/en\/wp-json\/wp\/v2\/users\/1"}],"replies":[{"embeddable":true,"href":"https:\/\/gruposalmeron.com.br\/en\/wp-json\/wp\/v2\/comments?post=858"}],"version-history":[{"count":13,"href":"https:\/\/gruposalmeron.com.br\/en\/wp-json\/wp\/v2\/pages\/858\/revisions"}],"predecessor-version":[{"id":4613,"href":"https:\/\/gruposalmeron.com.br\/en\/wp-json\/wp\/v2\/pages\/858\/revisions\/4613"}],"wp:attachment":[{"href":"https:\/\/gruposalmeron.com.br\/en\/wp-json\/wp\/v2\/media?parent=858"}],"curies":[{"name":"wp","href":"https:\/\/api.w.org\/{rel}","templated":true}]}}