{"id":4173,"date":"2025-10-15T16:43:28","date_gmt":"2025-10-15T19:43:28","guid":{"rendered":"https:\/\/gruposalmeron.com.br\/?page_id=4173"},"modified":"2025-10-15T16:45:34","modified_gmt":"2025-10-15T19:45:34","slug":"contato-rd-teste","status":"publish","type":"page","link":"https:\/\/gruposalmeron.com.br\/en\/contato-rd-teste\/","title":{"rendered":"Contato RD Teste"},"content":{"rendered":"<div data-elementor-type=\"wp-page\" data-elementor-id=\"4173\" class=\"elementor elementor-4173\" data-elementor-post-type=\"page\">\n\t\t\t\t<div class=\"elementor-element elementor-element-6f97bf9f e-con-full e-flex e-con e-parent\" data-id=\"6f97bf9f\" data-element_type=\"container\" data-e-type=\"container\" data-settings=\"{&quot;background_background&quot;:&quot;video&quot;,&quot;background_play_on_mobile&quot;:&quot;yes&quot;,&quot;background_video_link&quot;:&quot;https:\\\/\\\/youtu.be\\\/31JB1ol78KI&quot;}\">\n\t\t<div class=\"elementor-background-video-container\">\n\t\t\t\t\t\t\t<div class=\"elementor-background-video-embed\" role=\"presentation\"><\/div>\n\t\t\t\t\t\t<\/div>\t\t<div class=\"elementor-element elementor-element-1014584c elementor-widget elementor-widget-heading\" data-id=\"1014584c\" data-element_type=\"widget\" data-e-type=\"widget\" data-widget_type=\"heading.default\">\n\t\t\t\t<div class=\"elementor-widget-container\">\n\t\t\t\t\t<h2 class=\"elementor-heading-title elementor-size-default\">CONTATE A SALMERON<\/h2>\t\t\t\t<\/div>\n\t\t\t\t<\/div>\n\t\t\t\t<div class=\"elementor-element elementor-element-7ddae2f4 elementor-widget elementor-widget-breadcrumbs\" data-id=\"7ddae2f4\" data-element_type=\"widget\" data-e-type=\"widget\" data-widget_type=\"breadcrumbs.default\">\n\t\t\t\t<div class=\"elementor-widget-container\">\n\t\t\t\t\t<p id=\"breadcrumbs\"><span><span><a href=\"https:\/\/gruposalmeron.com.br\/en\/\">In\u00edcio<\/a><\/span><\/span><\/p>\t\t\t\t<\/div>\n\t\t\t\t<\/div>\n\t\t\t\t<\/div>\n\t\t<div class=\"elementor-element elementor-element-4dcce319 e-con-full e-flex e-con e-parent\" data-id=\"4dcce319\" data-element_type=\"container\" data-e-type=\"container\">\n\t\t<div class=\"elementor-element elementor-element-3e1ebac e-con-full e-flex e-con e-child\" data-id=\"3e1ebac\" data-element_type=\"container\" data-e-type=\"container\" data-settings=\"{&quot;background_background&quot;:&quot;classic&quot;}\">\n\t\t\t\t<div class=\"elementor-element elementor-element-2e6fbe0c elementor-widget elementor-widget-heading\" data-id=\"2e6fbe0c\" data-element_type=\"widget\" data-e-type=\"widget\" data-widget_type=\"heading.default\">\n\t\t\t\t<div class=\"elementor-widget-container\">\n\t\t\t\t\t<h2 class=\"elementor-heading-title elementor-size-default\">Central de\u00a0Atendimento<\/h2>\t\t\t\t<\/div>\n\t\t\t\t<\/div>\n\t\t\t\t<div class=\"elementor-element elementor-element-1ace6122 elementor-widget elementor-widget-text-editor\" data-id=\"1ace6122\" data-element_type=\"widget\" data-e-type=\"widget\" data-widget_type=\"text-editor.default\">\n\t\t\t\t<div class=\"elementor-widget-container\">\n\t\t\t\t\t\t\t\t\t<p>Nossa p\u00e1gina de contato responde \u00e0s d\u00favidas mais frequentes, mas se voc\u00ea n\u00e3o conseguir achar o que busca saiba que oferecemos um canal de comunica\u00e7\u00e3o para o envio de d\u00favidas, sugest\u00f5es, reclama\u00e7\u00f5es e elogios.<\/p>\t\t\t\t\t\t\t\t<\/div>\n\t\t\t\t<\/div>\n\t\t\t\t<div class=\"elementor-element elementor-element-586aca12 elementor-widget elementor-widget-heading\" data-id=\"586aca12\" data-element_type=\"widget\" data-e-type=\"widget\" data-widget_type=\"heading.default\">\n\t\t\t\t<div class=\"elementor-widget-container\">\n\t\t\t\t\t<h2 class=\"elementor-heading-title elementor-size-default\">0800 330 0000<\/h2>\t\t\t\t<\/div>\n\t\t\t\t<\/div>\n\t\t\t\t<div class=\"elementor-element elementor-element-68c84f2d elementor-icon-list--layout-traditional elementor-list-item-link-full_width elementor-widget elementor-widget-icon-list\" data-id=\"68c84f2d\" data-element_type=\"widget\" data-e-type=\"widget\" data-widget_type=\"icon-list.default\">\n\t\t\t\t<div class=\"elementor-widget-container\">\n\t\t\t\t\t\t\t<ul class=\"elementor-icon-list-items\">\n\t\t\t\t\t\t\t<li class=\"elementor-icon-list-item\">\n\t\t\t\t\t\t\t\t\t\t\t<a href=\"https:\/\/wa.me\/5515991338728?text=Ol%C3%A1!%20Estou%20entrando%20em%20contato%20pelo%20site%20e%20gostaria%20de%20informa%C3%A7%C3%B5es%20sobre%20os%20servi%C3%A7os%20oferecidos.%C2%A0Pode%C2%A0me%C2%A0ajudar%3F\">\n\n\t\t\t\t\t\t\t\t\t\t\t\t<span class=\"elementor-icon-list-icon\">\n\t\t\t\t\t\t\t<i aria-hidden=\"true\" class=\"icon icon-phone-call\"><\/i>\t\t\t\t\t\t<\/span>\n\t\t\t\t\t\t\t\t\t\t<span class=\"elementor-icon-list-text\">+55 (15) 3232-2425<\/span>\n\t\t\t\t\t\t\t\t\t\t\t<\/a>\n\t\t\t\t\t\t\t\t\t<\/li>\n\t\t\t\t\t\t\t\t<li class=\"elementor-icon-list-item\">\n\t\t\t\t\t\t\t\t\t\t\t<a href=\"https:\/\/wa.me\/5515991338728?text=Ol%C3%A1!%20Estou%20entrando%20em%20contato%20pelo%20site%20e%20gostaria%20de%20informa%C3%A7%C3%B5es%20sobre%20os%20servi%C3%A7os%20oferecidos.%C2%A0Pode%C2%A0me%C2%A0ajudar%3F\">\n\n\t\t\t\t\t\t\t\t\t\t\t\t<span class=\"elementor-icon-list-icon\">\n\t\t\t\t\t\t\t<i aria-hidden=\"true\" class=\"icon icon-phone-call\"><\/i>\t\t\t\t\t\t<\/span>\n\t\t\t\t\t\t\t\t\t\t<span class=\"elementor-icon-list-text\">+55 (15) 99133-8728 (Comercial)<\/span>\n\t\t\t\t\t\t\t\t\t\t\t<\/a>\n\t\t\t\t\t\t\t\t\t<\/li>\n\t\t\t\t\t\t<\/ul>\n\t\t\t\t\t\t<\/div>\n\t\t\t\t<\/div>\n\t\t\t\t<div class=\"elementor-element elementor-element-19f6b96e elementor-widget elementor-widget-heading\" data-id=\"19f6b96e\" data-element_type=\"widget\" data-e-type=\"widget\" data-widget_type=\"heading.default\">\n\t\t\t\t<div class=\"elementor-widget-container\">\n\t\t\t\t\t<h2 class=\"elementor-heading-title elementor-size-default\">Hor\u00e1rio de funcionamento<\/h2>\t\t\t\t<\/div>\n\t\t\t\t<\/div>\n\t\t\t\t<div class=\"elementor-element elementor-element-53a751a0 elementor-icon-list--layout-traditional elementor-list-item-link-full_width elementor-widget elementor-widget-icon-list\" data-id=\"53a751a0\" data-element_type=\"widget\" data-e-type=\"widget\" data-widget_type=\"icon-list.default\">\n\t\t\t\t<div class=\"elementor-widget-container\">\n\t\t\t\t\t\t\t<ul class=\"elementor-icon-list-items\">\n\t\t\t\t\t\t\t<li class=\"elementor-icon-list-item\">\n\t\t\t\t\t\t\t\t\t\t<span class=\"elementor-icon-list-text\">Segunda a sexta-feira <br>7h \u00e0s 17h <\/span>\n\t\t\t\t\t\t\t\t\t<\/li>\n\t\t\t\t\t\t<\/ul>\n\t\t\t\t\t\t<\/div>\n\t\t\t\t<\/div>\n\t\t\t\t<div class=\"elementor-element elementor-element-63173efc elementor-widget elementor-widget-heading\" data-id=\"63173efc\" data-element_type=\"widget\" data-e-type=\"widget\" data-widget_type=\"heading.default\">\n\t\t\t\t<div class=\"elementor-widget-container\">\n\t\t\t\t\t<h2 class=\"elementor-heading-title elementor-size-default\">Matriz Brasil<\/h2>\t\t\t\t<\/div>\n\t\t\t\t<\/div>\n\t\t\t\t<div class=\"elementor-element elementor-element-58f5c0f elementor-icon-list--layout-traditional elementor-list-item-link-full_width elementor-widget elementor-widget-icon-list\" data-id=\"58f5c0f\" data-element_type=\"widget\" data-e-type=\"widget\" data-widget_type=\"icon-list.default\">\n\t\t\t\t<div class=\"elementor-widget-container\">\n\t\t\t\t\t\t\t<ul class=\"elementor-icon-list-items\">\n\t\t\t\t\t\t\t<li class=\"elementor-icon-list-item\">\n\t\t\t\t\t\t\t\t\t\t<span class=\"elementor-icon-list-text\">Av. dos Bandeirantes, n\u00ba 2480 <br>Brigadeiro Tobias Sorocaba\/SP<\/span>\n\t\t\t\t\t\t\t\t\t<\/li>\n\t\t\t\t\t\t<\/ul>\n\t\t\t\t\t\t<\/div>\n\t\t\t\t<\/div>\n\t\t\t\t<\/div>\n\t\t<div class=\"elementor-element elementor-element-43a21e3b e-con-full e-flex e-con e-child\" data-id=\"43a21e3b\" data-element_type=\"container\" data-e-type=\"container\" data-settings=\"{&quot;background_background&quot;:&quot;classic&quot;}\">\n\t\t\t\t<div class=\"elementor-element elementor-element-2518689 elementor-widget elementor-widget-html\" data-id=\"2518689\" data-element_type=\"widget\" data-e-type=\"widget\" data-widget_type=\"html.default\">\n\t\t\t\t<div class=\"elementor-widget-container\">\n\t\t\t\t\t<div role=\"main\" id=\"site-grupo-salmeron-cc5ed6daa1d0d2a4b4f5\"><\/div><script type=\"text\/javascript\" src=\"https:\/\/d335luupugsy2.cloudfront.net\/js\/rdstation-forms\/stable\/rdstation-forms.min.js\"><\/script><script type=\"text\/javascript\"> new RDStationForms('site-grupo-salmeron-cc5ed6daa1d0d2a4b4f5', 'null').createForm();<\/script>\t\t\t\t<\/div>\n\t\t\t\t<\/div>\n\t\t\t\t<\/div>\n\t\t\t\t<\/div>\n\t\t<div class=\"elementor-element elementor-element-363a7f2f e-con-full e-flex e-con e-parent\" data-id=\"363a7f2f\" data-element_type=\"container\" data-e-type=\"container\">\n\t\t<div class=\"elementor-element elementor-element-3961fcd2 e-con-full e-flex e-con e-child\" data-id=\"3961fcd2\" data-element_type=\"container\" data-e-type=\"container\" data-settings=\"{&quot;background_background&quot;:&quot;classic&quot;}\">\n\t\t\t\t<div class=\"elementor-element elementor-element-51793afe elementor-widget elementor-widget-heading\" data-id=\"51793afe\" data-element_type=\"widget\" data-e-type=\"widget\" data-widget_type=\"heading.default\">\n\t\t\t\t<div class=\"elementor-widget-container\">\n\t\t\t\t\t<h2 class=\"elementor-heading-title elementor-size-default\">SEJA CLIENTE<\/h2>\t\t\t\t<\/div>\n\t\t\t\t<\/div>\n\t\t\t\t<div class=\"elementor-element elementor-element-52e691f elementor-widget elementor-widget-heading\" data-id=\"52e691f\" data-element_type=\"widget\" data-e-type=\"widget\" data-widget_type=\"heading.default\">\n\t\t\t\t<div class=\"elementor-widget-container\">\n\t\t\t\t\t<h2 class=\"elementor-heading-title elementor-size-default\">Solicite um or\u00e7amento ou tire suas d\u00favidas com nossa equipe comercial. <\/h2>\t\t\t\t<\/div>\n\t\t\t\t<\/div>\n\t\t\t\t<div class=\"elementor-element elementor-element-14971fc2 elementor-align-center elementor-widget elementor-widget-button\" data-id=\"14971fc2\" data-element_type=\"widget\" data-e-type=\"widget\" data-widget_type=\"button.default\">\n\t\t\t\t<div class=\"elementor-widget-container\">\n\t\t\t\t\t\t\t\t\t<div class=\"elementor-button-wrapper\">\n\t\t\t\t\t<a class=\"elementor-button elementor-button-link elementor-size-lg\" href=\"https:\/\/wa.me\/5515991338728?text=Ol%C3%A1!%20Estou%20entrando%20em%20contato%20pelo%20site%20e%20gostaria%20de%20informa%C3%A7%C3%B5es%20sobre%20os%20servi%C3%A7os%20oferecidos.%C2%A0Pode%C2%A0me%C2%A0ajudar%3F\" target=\"_blank\">\n\t\t\t\t\t\t<span class=\"elementor-button-content-wrapper\">\n\t\t\t\t\t\t\t\t\t<span class=\"elementor-button-text\">CONTATO<\/span>\n\t\t\t\t\t<\/span>\n\t\t\t\t\t<\/a>\n\t\t\t\t<\/div>\n\t\t\t\t\t\t\t\t<\/div>\n\t\t\t\t<\/div>\n\t\t\t\t<\/div>\n\t\t<div class=\"elementor-element elementor-element-1f691bf2 e-con-full e-flex e-con e-child\" data-id=\"1f691bf2\" data-element_type=\"container\" data-e-type=\"container\" data-settings=\"{&quot;background_background&quot;:&quot;classic&quot;}\">\n\t\t\t\t<div class=\"elementor-element elementor-element-23c29a65 elementor-widget elementor-widget-heading\" data-id=\"23c29a65\" data-element_type=\"widget\" data-e-type=\"widget\" data-widget_type=\"heading.default\">\n\t\t\t\t<div class=\"elementor-widget-container\">\n\t\t\t\t\t<h2 class=\"elementor-heading-title elementor-size-default\">TRABALHE CONOSCO<\/h2>\t\t\t\t<\/div>\n\t\t\t\t<\/div>\n\t\t\t\t<div class=\"elementor-element elementor-element-4916b725 elementor-widget elementor-widget-heading\" data-id=\"4916b725\" data-element_type=\"widget\" data-e-type=\"widget\" data-widget_type=\"heading.default\">\n\t\t\t\t<div class=\"elementor-widget-container\">\n\t\t\t\t\t<h2 class=\"elementor-heading-title elementor-size-default\">Cadastre o seu curr\u00edculo em nosso banco de talentos ou consulte as vagas em aberto.<\/h2>\t\t\t\t<\/div>\n\t\t\t\t<\/div>\n\t\t\t\t<div class=\"elementor-element elementor-element-78fbbb32 elementor-align-center elementor-widget elementor-widget-button\" data-id=\"78fbbb32\" data-element_type=\"widget\" data-e-type=\"widget\" data-widget_type=\"button.default\">\n\t\t\t\t<div class=\"elementor-widget-container\">\n\t\t\t\t\t\t\t\t\t<div class=\"elementor-button-wrapper\">\n\t\t\t\t\t<a class=\"elementor-button elementor-button-link elementor-size-lg\" href=\"https:\/\/gruposalmeron.empregare.com\/pt-br\/vagas\" target=\"_blank\">\n\t\t\t\t\t\t<span class=\"elementor-button-content-wrapper\">\n\t\t\t\t\t\t\t\t\t<span class=\"elementor-button-text\">CADASTRE-SE<\/span>\n\t\t\t\t\t<\/span>\n\t\t\t\t\t<\/a>\n\t\t\t\t<\/div>\n\t\t\t\t\t\t\t\t<\/div>\n\t\t\t\t<\/div>\n\t\t\t\t<\/div>\n\t\t\t\t<\/div>\n\t\t\t\t<\/div>","protected":false},"excerpt":{"rendered":"<p>CONTATE A SALMERON Central de\u00a0Atendimento Nossa p\u00e1gina de contato responde \u00e0s d\u00favidas mais frequentes, mas se voc\u00ea n\u00e3o conseguir achar o que busca saiba que oferecemos um canal de comunica\u00e7\u00e3o para o envio de d\u00favidas, sugest\u00f5es, reclama\u00e7\u00f5es e elogios. 0800 330 0000 +55 (15) 3232-2425 +55 (15) 99133-8728 (Comercial) Hor\u00e1rio de funcionamento Segunda a sexta-feira [&hellip;]<\/p>\n","protected":false},"author":1,"featured_media":0,"parent":0,"menu_order":0,"comment_status":"closed","ping_status":"closed","template":"","meta":{"footnotes":""},"class_list":["post-4173","page","type-page","status-publish","hentry"],"yoast_head":"<!-- This site is optimized with the Yoast SEO plugin v26.9 - https:\/\/yoast.com\/product\/yoast-seo-wordpress\/ -->\n<title>Contato RD Teste - Grupo Salmeron - A l\u00edder e pioneira em gest\u00e3o de res\u00edduos - Reciclagem de Madeira<\/title>\n<meta name=\"robots\" content=\"index, follow, max-snippet:-1, max-image-preview:large, max-video-preview:-1\" \/>\n<link rel=\"canonical\" href=\"https:\/\/gruposalmeron.com.br\/en\/contato-rd-teste\/\" \/>\n<meta property=\"og:locale\" content=\"en_US\" \/>\n<meta property=\"og:type\" content=\"article\" \/>\n<meta property=\"og:title\" content=\"Contato RD Teste - Grupo Salmeron - A l\u00edder e pioneira em gest\u00e3o de res\u00edduos - Reciclagem de Madeira\" \/>\n<meta property=\"og:description\" content=\"CONTATE A SALMERON Central de\u00a0Atendimento Nossa p\u00e1gina de contato responde \u00e0s d\u00favidas mais frequentes, mas se voc\u00ea n\u00e3o conseguir achar o que busca saiba que oferecemos um canal de comunica\u00e7\u00e3o para o envio de d\u00favidas, sugest\u00f5es, reclama\u00e7\u00f5es e elogios. 0800 330 0000 +55 (15) 3232-2425 +55 (15) 99133-8728 (Comercial) Hor\u00e1rio de funcionamento Segunda a sexta-feira [&hellip;]\" \/>\n<meta property=\"og:url\" content=\"https:\/\/gruposalmeron.com.br\/en\/contato-rd-teste\/\" \/>\n<meta property=\"og:site_name\" content=\"Grupo Salmeron - A l\u00edder e pioneira em gest\u00e3o de res\u00edduos - Reciclagem de Madeira\" \/>\n<meta property=\"article:publisher\" content=\"https:\/\/www.facebook.com\/gruposalmeron\/\" \/>\n<meta property=\"article:modified_time\" content=\"2025-10-15T19:45:34+00:00\" \/>\n<meta name=\"twitter:card\" content=\"summary_large_image\" \/>\n<meta name=\"twitter:label1\" content=\"Est. reading time\" \/>\n\t<meta name=\"twitter:data1\" content=\"2 minutes\" \/>\n<script type=\"application\/ld+json\" class=\"yoast-schema-graph\">{\"@context\":\"https:\/\/schema.org\",\"@graph\":[{\"@type\":\"WebPage\",\"@id\":\"https:\/\/gruposalmeron.com.br\/contato-rd-teste\/\",\"url\":\"https:\/\/gruposalmeron.com.br\/contato-rd-teste\/\",\"name\":\"Contato RD Teste - Grupo Salmeron - A l\u00edder e pioneira em gest\u00e3o de res\u00edduos - Reciclagem de Madeira\",\"isPartOf\":{\"@id\":\"https:\/\/gruposalmeron.com.br\/#website\"},\"datePublished\":\"2025-10-15T19:43:28+00:00\",\"dateModified\":\"2025-10-15T19:45:34+00:00\",\"breadcrumb\":{\"@id\":\"https:\/\/gruposalmeron.com.br\/contato-rd-teste\/#breadcrumb\"},\"inLanguage\":\"en-US\",\"potentialAction\":[{\"@type\":\"ReadAction\",\"target\":[\"https:\/\/gruposalmeron.com.br\/contato-rd-teste\/\"]}]},{\"@type\":\"BreadcrumbList\",\"@id\":\"https:\/\/gruposalmeron.com.br\/contato-rd-teste\/#breadcrumb\",\"itemListElement\":[{\"@type\":\"ListItem\",\"position\":1,\"name\":\"In\u00edcio\",\"item\":\"https:\/\/gruposalmeron.com.br\/\"},{\"@type\":\"ListItem\",\"position\":2,\"name\":\"Contato RD Teste\"}]},{\"@type\":\"WebSite\",\"@id\":\"https:\/\/gruposalmeron.com.br\/#website\",\"url\":\"https:\/\/gruposalmeron.com.br\/\",\"name\":\"Grupo Salmeron - Gest\u00e3o de Res\u00edduos - Reciclagem de Madeira\",\"description\":\"Grupo Salmeron - A l\u00edder e pioneira em gest\u00e3o de res\u00edduos - Reciclagem de Madeira\",\"publisher\":{\"@id\":\"https:\/\/gruposalmeron.com.br\/#organization\"},\"potentialAction\":[{\"@type\":\"SearchAction\",\"target\":{\"@type\":\"EntryPoint\",\"urlTemplate\":\"https:\/\/gruposalmeron.com.br\/?s={search_term_string}\"},\"query-input\":{\"@type\":\"PropertyValueSpecification\",\"valueRequired\":true,\"valueName\":\"search_term_string\"}}],\"inLanguage\":\"en-US\"},{\"@type\":\"Organization\",\"@id\":\"https:\/\/gruposalmeron.com.br\/#organization\",\"name\":\"Grupo Salmeron - Gest\u00e3o de Res\u00edduos - Reciclagem de Madeira\",\"url\":\"https:\/\/gruposalmeron.com.br\/\",\"logo\":{\"@type\":\"ImageObject\",\"inLanguage\":\"en-US\",\"@id\":\"https:\/\/gruposalmeron.com.br\/#\/schema\/logo\/image\/\",\"url\":\"https:\/\/gruposalmeron.com.br\/wp-content\/uploads\/2023\/12\/gruposalmeron-reciclagem-de-madeira.webp\",\"contentUrl\":\"https:\/\/gruposalmeron.com.br\/wp-content\/uploads\/2023\/12\/gruposalmeron-reciclagem-de-madeira.webp\",\"width\":156,\"height\":43,\"caption\":\"Grupo Salmeron - Gest\u00e3o de Res\u00edduos - Reciclagem de Madeira\"},\"image\":{\"@id\":\"https:\/\/gruposalmeron.com.br\/#\/schema\/logo\/image\/\"},\"sameAs\":[\"https:\/\/www.facebook.com\/gruposalmeron\/\"]}]}<\/script>\n<!-- \/ Yoast SEO plugin. -->","yoast_head_json":{"title":"Contato RD Teste - Grupo Salmeron - A l\u00edder e pioneira em gest\u00e3o de res\u00edduos - Reciclagem de Madeira","robots":{"index":"index","follow":"follow","max-snippet":"max-snippet:-1","max-image-preview":"max-image-preview:large","max-video-preview":"max-video-preview:-1"},"canonical":"https:\/\/gruposalmeron.com.br\/en\/contato-rd-teste\/","og_locale":"en_US","og_type":"article","og_title":"Contato RD Teste - Grupo Salmeron - A l\u00edder e pioneira em gest\u00e3o de res\u00edduos - Reciclagem de Madeira","og_description":"CONTATE A SALMERON Central de\u00a0Atendimento Nossa p\u00e1gina de contato responde \u00e0s d\u00favidas mais frequentes, mas se voc\u00ea n\u00e3o conseguir achar o que busca saiba que oferecemos um canal de comunica\u00e7\u00e3o para o envio de d\u00favidas, sugest\u00f5es, reclama\u00e7\u00f5es e elogios. 0800 330 0000 +55 (15) 3232-2425 +55 (15) 99133-8728 (Comercial) Hor\u00e1rio de funcionamento Segunda a sexta-feira [&hellip;]","og_url":"https:\/\/gruposalmeron.com.br\/en\/contato-rd-teste\/","og_site_name":"Grupo Salmeron - A l\u00edder e pioneira em gest\u00e3o de res\u00edduos - Reciclagem de Madeira","article_publisher":"https:\/\/www.facebook.com\/gruposalmeron\/","article_modified_time":"2025-10-15T19:45:34+00:00","twitter_card":"summary_large_image","twitter_misc":{"Est. reading time":"2 minutes"},"schema":{"@context":"https:\/\/schema.org","@graph":[{"@type":"WebPage","@id":"https:\/\/gruposalmeron.com.br\/contato-rd-teste\/","url":"https:\/\/gruposalmeron.com.br\/contato-rd-teste\/","name":"Contato RD Teste - Grupo Salmeron - A l\u00edder e pioneira em gest\u00e3o de res\u00edduos - Reciclagem de Madeira","isPartOf":{"@id":"https:\/\/gruposalmeron.com.br\/#website"},"datePublished":"2025-10-15T19:43:28+00:00","dateModified":"2025-10-15T19:45:34+00:00","breadcrumb":{"@id":"https:\/\/gruposalmeron.com.br\/contato-rd-teste\/#breadcrumb"},"inLanguage":"en-US","potentialAction":[{"@type":"ReadAction","target":["https:\/\/gruposalmeron.com.br\/contato-rd-teste\/"]}]},{"@type":"BreadcrumbList","@id":"https:\/\/gruposalmeron.com.br\/contato-rd-teste\/#breadcrumb","itemListElement":[{"@type":"ListItem","position":1,"name":"In\u00edcio","item":"https:\/\/gruposalmeron.com.br\/"},{"@type":"ListItem","position":2,"name":"Contato RD Teste"}]},{"@type":"WebSite","@id":"https:\/\/gruposalmeron.com.br\/#website","url":"https:\/\/gruposalmeron.com.br\/","name":"Grupo Salmeron - Gest\u00e3o de Res\u00edduos - Reciclagem de Madeira","description":"Grupo Salmeron - A l\u00edder e pioneira em gest\u00e3o de res\u00edduos - Reciclagem de Madeira","publisher":{"@id":"https:\/\/gruposalmeron.com.br\/#organization"},"potentialAction":[{"@type":"SearchAction","target":{"@type":"EntryPoint","urlTemplate":"https:\/\/gruposalmeron.com.br\/?s={search_term_string}"},"query-input":{"@type":"PropertyValueSpecification","valueRequired":true,"valueName":"search_term_string"}}],"inLanguage":"en-US"},{"@type":"Organization","@id":"https:\/\/gruposalmeron.com.br\/#organization","name":"Grupo Salmeron - Gest\u00e3o de Res\u00edduos - Reciclagem de Madeira","url":"https:\/\/gruposalmeron.com.br\/","logo":{"@type":"ImageObject","inLanguage":"en-US","@id":"https:\/\/gruposalmeron.com.br\/#\/schema\/logo\/image\/","url":"https:\/\/gruposalmeron.com.br\/wp-content\/uploads\/2023\/12\/gruposalmeron-reciclagem-de-madeira.webp","contentUrl":"https:\/\/gruposalmeron.com.br\/wp-content\/uploads\/2023\/12\/gruposalmeron-reciclagem-de-madeira.webp","width":156,"height":43,"caption":"Grupo Salmeron - Gest\u00e3o de Res\u00edduos - Reciclagem de Madeira"},"image":{"@id":"https:\/\/gruposalmeron.com.br\/#\/schema\/logo\/image\/"},"sameAs":["https:\/\/www.facebook.com\/gruposalmeron\/"]}]}},"_links":{"self":[{"href":"https:\/\/gruposalmeron.com.br\/en\/wp-json\/wp\/v2\/pages\/4173","targetHints":{"allow":["GET"]}}],"collection":[{"href":"https:\/\/gruposalmeron.com.br\/en\/wp-json\/wp\/v2\/pages"}],"about":[{"href":"https:\/\/gruposalmeron.com.br\/en\/wp-json\/wp\/v2\/types\/page"}],"author":[{"embeddable":true,"href":"https:\/\/gruposalmeron.com.br\/en\/wp-json\/wp\/v2\/users\/1"}],"replies":[{"embeddable":true,"href":"https:\/\/gruposalmeron.com.br\/en\/wp-json\/wp\/v2\/comments?post=4173"}],"version-history":[{"count":4,"href":"https:\/\/gruposalmeron.com.br\/en\/wp-json\/wp\/v2\/pages\/4173\/revisions"}],"predecessor-version":[{"id":4178,"href":"https:\/\/gruposalmeron.com.br\/en\/wp-json\/wp\/v2\/pages\/4173\/revisions\/4178"}],"wp:attachment":[{"href":"https:\/\/gruposalmeron.com.br\/en\/wp-json\/wp\/v2\/media?parent=4173"}],"curies":[{"name":"wp","href":"https:\/\/api.w.org\/{rel}","templated":true}]}}