{"id":1177,"date":"2024-01-09T16:22:45","date_gmt":"2024-01-09T16:22:45","guid":{"rendered":"https:\/\/gruposalmeron.everestis.ppg.br\/?page_id=1177"},"modified":"2024-09-03T22:46:14","modified_gmt":"2024-09-04T01:46:14","slug":"sustentabilidade-esg","status":"publish","type":"page","link":"https:\/\/gruposalmeron.com.br\/en\/sustentabilidade-esg\/","title":{"rendered":"Sustentabilidade ESG"},"content":{"rendered":"<div data-elementor-type=\"wp-page\" data-elementor-id=\"1177\" class=\"elementor elementor-1177\" data-elementor-post-type=\"page\">\n\t\t\t\t<div class=\"elementor-element elementor-element-449901b e-flex e-con-boxed e-con e-parent\" data-id=\"449901b\" data-element_type=\"container\" data-e-type=\"container\" data-settings=\"{&quot;background_background&quot;:&quot;classic&quot;}\">\n\t\t\t\t\t<div class=\"e-con-inner\">\n\t\t\t\t<div class=\"elementor-element elementor-element-6e5242b elementor-widget elementor-widget-image\" data-id=\"6e5242b\" data-element_type=\"widget\" data-e-type=\"widget\" data-widget_type=\"image.default\">\n\t\t\t\t<div class=\"elementor-widget-container\">\n\t\t\t\t\t\t\t\t\t\t\t\t\t\t\t<img fetchpriority=\"high\" decoding=\"async\" width=\"535\" height=\"375\" src=\"https:\/\/gruposalmeron.com.br\/wp-content\/uploads\/2024\/01\/gestao-de-residuo-sustentabilidade-esg.webp\" class=\"attachment-full size-full wp-image-1180\" alt=\"\" srcset=\"https:\/\/gruposalmeron.com.br\/wp-content\/uploads\/2024\/01\/gestao-de-residuo-sustentabilidade-esg.webp 535w, https:\/\/gruposalmeron.com.br\/wp-content\/uploads\/2024\/01\/gestao-de-residuo-sustentabilidade-esg-300x210.webp 300w\" sizes=\"(max-width: 535px) 100vw, 535px\" \/>\t\t\t\t\t\t\t\t\t\t\t\t\t\t\t<\/div>\n\t\t\t\t<\/div>\n\t\t\t\t<div class=\"elementor-element elementor-element-2515f87 elementor-widget elementor-widget-heading\" data-id=\"2515f87\" data-element_type=\"widget\" data-e-type=\"widget\" data-widget_type=\"heading.default\">\n\t\t\t\t<div class=\"elementor-widget-container\">\n\t\t\t\t\t<h2 class=\"elementor-heading-title elementor-size-default\">O GRUPO SAMERON \u00c9 ESG<\/h2>\t\t\t\t<\/div>\n\t\t\t\t<\/div>\n\t\t\t\t\t<\/div>\n\t\t\t\t<\/div>\n\t\t<div class=\"elementor-element elementor-element-1fb509f e-flex e-con-boxed e-con e-parent\" data-id=\"1fb509f\" data-element_type=\"container\" data-e-type=\"container\">\n\t\t\t\t\t<div class=\"e-con-inner\">\n\t\t\t\t<div class=\"elementor-element elementor-element-928de9e elementor-widget elementor-widget-heading\" data-id=\"928de9e\" data-element_type=\"widget\" data-e-type=\"widget\" data-widget_type=\"heading.default\">\n\t\t\t\t<div class=\"elementor-widget-container\">\n\t\t\t\t\t<h2 class=\"elementor-heading-title elementor-size-default\">Mais de 1 milh\u00e3o\nde \u00e1rvores poupadas<\/h2>\t\t\t\t<\/div>\n\t\t\t\t<\/div>\n\t\t\t\t<div class=\"elementor-element elementor-element-b511390 elementor-widget elementor-widget-heading\" data-id=\"b511390\" data-element_type=\"widget\" data-e-type=\"widget\" data-widget_type=\"heading.default\">\n\t\t\t\t<div class=\"elementor-widget-container\">\n\t\t\t\t\t<h2 class=\"elementor-heading-title elementor-size-default\">Ambiental desde sua funda\u00e7\u00e3o, em 1979, a empresa tamb\u00e9m desenvolve projetos e incentiva pr\u00e1ticas que colaboram para o desenvolvimento social e garantem uma governan\u00e7a transparente e alinhada\n\naos seus valores.  <\/h2>\t\t\t\t<\/div>\n\t\t\t\t<\/div>\n\t\t\t\t\t<\/div>\n\t\t\t\t<\/div>\n\t\t<div class=\"elementor-element elementor-element-0482be9 e-flex e-con-boxed e-con e-parent\" data-id=\"0482be9\" data-element_type=\"container\" data-e-type=\"container\" data-settings=\"{&quot;background_background&quot;:&quot;classic&quot;}\">\n\t\t\t\t\t<div class=\"e-con-inner\">\n\t\t<div class=\"elementor-element elementor-element-904a06e e-con-full e-flex e-con e-child\" data-id=\"904a06e\" data-element_type=\"container\" data-e-type=\"container\">\n\t\t\t\t<div class=\"elementor-element elementor-element-251d382 elementor-widget elementor-widget-heading\" data-id=\"251d382\" data-element_type=\"widget\" data-e-type=\"widget\" data-widget_type=\"heading.default\">\n\t\t\t\t<div class=\"elementor-widget-container\">\n\t\t\t\t\t<h2 class=\"elementor-heading-title elementor-size-default\">#AtitudeSalmeron<\/h2>\t\t\t\t<\/div>\n\t\t\t\t<\/div>\n\t\t\t\t<div class=\"elementor-element elementor-element-760b0bc elementor-widget elementor-widget-text-editor\" data-id=\"760b0bc\" data-element_type=\"widget\" data-e-type=\"widget\" data-widget_type=\"text-editor.default\">\n\t\t\t\t<div class=\"elementor-widget-container\">\n\t\t\t\t\t\t\t\t\t<p class=\"font_8 wixui-rich-text__text\"><span class=\"color_11 wixui-rich-text__text\">Cada uma de nossas atitudes reverbera pelo Planeta, provocando impactos em todas as formas de vida terrestre.<\/span><\/p><p class=\"font_8 wixui-rich-text__text\"><span class=\"wixGuard wixui-rich-text__text\">\u200b<\/span><\/p><p class=\"font_8 wixui-rich-text__text\"><span class=\"color_11 wixui-rich-text__text\">H\u00e1 mais de 40 anos, a Salmeron decidiu usar o<\/span><\/p><p class=\"font_8 wixui-rich-text__text\"><span class=\"color_11 wixui-rich-text__text\">\u201cEfeito Borboleta\u201d em favor da sustentabilidade.<\/span><\/p><p class=\"font_8 wixui-rich-text__text\"><span class=\"color_11 wixui-rich-text__text\">Assim, com pequenas e grandes atitudes adotamos uma cultura de preserva\u00e7\u00e3o e cuidado do meio ambiente.<\/span><\/p><p class=\"font_8 wixui-rich-text__text\"><span class=\"wixGuard wixui-rich-text__text\">\u200b<\/span><\/p><p class=\"font_8 wixui-rich-text__text\"><span class=\"color_11 wixui-rich-text__text\">Essa \u00e9 o legado que estamos deixando para as futuras gera\u00e7\u00f5es. Esse \u00e9 o nosso prop\u00f3sito como empresa.<\/span><\/p>\t\t\t\t\t\t\t\t<\/div>\n\t\t\t\t<\/div>\n\t\t\t\t<\/div>\n\t\t<div class=\"elementor-element elementor-element-8b57823 e-con-full elementor-hidden-tablet elementor-hidden-mobile e-flex e-con e-child\" data-id=\"8b57823\" data-element_type=\"container\" data-e-type=\"container\">\n\t\t\t\t<div class=\"elementor-element elementor-element-719e631 elementor-widget elementor-widget-image\" data-id=\"719e631\" data-element_type=\"widget\" data-e-type=\"widget\" data-widget_type=\"image.default\">\n\t\t\t\t<div class=\"elementor-widget-container\">\n\t\t\t\t\t\t\t\t\t\t\t\t\t\t\t<img decoding=\"async\" width=\"800\" height=\"704\" src=\"https:\/\/gruposalmeron.com.br\/wp-content\/uploads\/2024\/01\/sustentabilidade-gruposalmenron-esg.png\" class=\"attachment-large size-large wp-image-1199\" alt=\"\" srcset=\"https:\/\/gruposalmeron.com.br\/wp-content\/uploads\/2024\/01\/sustentabilidade-gruposalmenron-esg.png 800w, https:\/\/gruposalmeron.com.br\/wp-content\/uploads\/2024\/01\/sustentabilidade-gruposalmenron-esg-300x264.png 300w, https:\/\/gruposalmeron.com.br\/wp-content\/uploads\/2024\/01\/sustentabilidade-gruposalmenron-esg-768x676.png 768w\" sizes=\"(max-width: 800px) 100vw, 800px\" \/>\t\t\t\t\t\t\t\t\t\t\t\t\t\t\t<\/div>\n\t\t\t\t<\/div>\n\t\t\t\t<\/div>\n\t\t\t\t\t<\/div>\n\t\t\t\t<\/div>\n\t\t<div class=\"elementor-element elementor-element-745a0c9 e-flex e-con-boxed e-con e-parent\" data-id=\"745a0c9\" data-element_type=\"container\" data-e-type=\"container\">\n\t\t\t\t\t<div class=\"e-con-inner\">\n\t\t\t\t<div class=\"elementor-element elementor-element-6b1dc56 elementor-widget elementor-widget-image\" data-id=\"6b1dc56\" data-element_type=\"widget\" data-e-type=\"widget\" data-widget_type=\"image.default\">\n\t\t\t\t<div class=\"elementor-widget-container\">\n\t\t\t\t\t\t\t\t\t\t\t\t\t\t\t<img decoding=\"async\" width=\"800\" height=\"184\" src=\"https:\/\/gruposalmeron.com.br\/wp-content\/uploads\/2024\/07\/SELOS-SITE-1024x236.png\" class=\"attachment-large size-large wp-image-2515\" alt=\"\" srcset=\"https:\/\/gruposalmeron.com.br\/wp-content\/uploads\/2024\/07\/SELOS-SITE-1024x236.png 1024w, https:\/\/gruposalmeron.com.br\/wp-content\/uploads\/2024\/07\/SELOS-SITE-300x69.png 300w, https:\/\/gruposalmeron.com.br\/wp-content\/uploads\/2024\/07\/SELOS-SITE-768x177.png 768w, https:\/\/gruposalmeron.com.br\/wp-content\/uploads\/2024\/07\/SELOS-SITE-1536x354.png 1536w, https:\/\/gruposalmeron.com.br\/wp-content\/uploads\/2024\/07\/SELOS-SITE-2048x473.png 2048w\" sizes=\"(max-width: 800px) 100vw, 800px\" \/>\t\t\t\t\t\t\t\t\t\t\t\t\t\t\t<\/div>\n\t\t\t\t<\/div>\n\t\t\t\t\t<\/div>\n\t\t\t\t<\/div>\n\t\t<div class=\"elementor-element elementor-element-4de2da0 e-con-full e-flex e-con e-parent\" data-id=\"4de2da0\" data-element_type=\"container\" data-e-type=\"container\">\n\t\t<div class=\"elementor-element elementor-element-1aa6acd e-con-full e-flex e-con e-child\" data-id=\"1aa6acd\" data-element_type=\"container\" data-e-type=\"container\" data-settings=\"{&quot;background_background&quot;:&quot;classic&quot;}\">\n\t\t\t\t<div class=\"elementor-element elementor-element-d70a321 elementor-widget elementor-widget-heading\" data-id=\"d70a321\" data-element_type=\"widget\" data-e-type=\"widget\" data-widget_type=\"heading.default\">\n\t\t\t\t<div class=\"elementor-widget-container\">\n\t\t\t\t\t<h2 class=\"elementor-heading-title elementor-size-default\">Reflorestamento<\/h2>\t\t\t\t<\/div>\n\t\t\t\t<\/div>\n\t\t\t\t<div class=\"elementor-element elementor-element-14cb82e elementor-widget elementor-widget-button\" data-id=\"14cb82e\" data-element_type=\"widget\" data-e-type=\"widget\" data-widget_type=\"button.default\">\n\t\t\t\t<div class=\"elementor-widget-container\">\n\t\t\t\t\t\t\t\t\t<div class=\"elementor-button-wrapper\">\n\t\t\t\t\t<a class=\"elementor-button elementor-button-link elementor-size-lg\" href=\"https:\/\/gruposalmeron.com.br\/en\/reflorestamento\/\">\n\t\t\t\t\t\t<span class=\"elementor-button-content-wrapper\">\n\t\t\t\t\t\t\t\t\t<span class=\"elementor-button-text\">CONHE\u00c7A<\/span>\n\t\t\t\t\t<\/span>\n\t\t\t\t\t<\/a>\n\t\t\t\t<\/div>\n\t\t\t\t\t\t\t\t<\/div>\n\t\t\t\t<\/div>\n\t\t\t\t<\/div>\n\t\t<div class=\"elementor-element elementor-element-87339d7 e-con-full e-flex e-con e-child\" data-id=\"87339d7\" data-element_type=\"container\" data-e-type=\"container\" data-settings=\"{&quot;background_background&quot;:&quot;classic&quot;}\">\n\t\t\t\t<div class=\"elementor-element elementor-element-7ab5153 elementor-widget elementor-widget-heading\" data-id=\"7ab5153\" data-element_type=\"widget\" data-e-type=\"widget\" data-widget_type=\"heading.default\">\n\t\t\t\t<div class=\"elementor-widget-container\">\n\t\t\t\t\t<h2 class=\"elementor-heading-title elementor-size-default\">Educa\u00e7\u00e3o Ambiental<\/h2>\t\t\t\t<\/div>\n\t\t\t\t<\/div>\n\t\t\t\t<div class=\"elementor-element elementor-element-1058c3d elementor-widget elementor-widget-button\" data-id=\"1058c3d\" data-element_type=\"widget\" data-e-type=\"widget\" data-widget_type=\"button.default\">\n\t\t\t\t<div class=\"elementor-widget-container\">\n\t\t\t\t\t\t\t\t\t<div class=\"elementor-button-wrapper\">\n\t\t\t\t\t<a class=\"elementor-button elementor-button-link elementor-size-lg\" href=\"https:\/\/gruposalmeron.com.br\/en\/educacao-ambiental\/\">\n\t\t\t\t\t\t<span class=\"elementor-button-content-wrapper\">\n\t\t\t\t\t\t\t\t\t<span class=\"elementor-button-text\">CONHE\u00c7A<\/span>\n\t\t\t\t\t<\/span>\n\t\t\t\t\t<\/a>\n\t\t\t\t<\/div>\n\t\t\t\t\t\t\t\t<\/div>\n\t\t\t\t<\/div>\n\t\t\t\t<\/div>\n\t\t<div class=\"elementor-element elementor-element-39fc17b e-con-full e-flex e-con e-child\" data-id=\"39fc17b\" data-element_type=\"container\" data-e-type=\"container\" data-settings=\"{&quot;background_background&quot;:&quot;classic&quot;}\">\n\t\t\t\t<div class=\"elementor-element elementor-element-cb4859b elementor-widget elementor-widget-heading\" data-id=\"cb4859b\" data-element_type=\"widget\" data-e-type=\"widget\" data-widget_type=\"heading.default\">\n\t\t\t\t<div class=\"elementor-widget-container\">\n\t\t\t\t\t<h2 class=\"elementor-heading-title elementor-size-default\">Aterro Zero<\/h2>\t\t\t\t<\/div>\n\t\t\t\t<\/div>\n\t\t\t\t<div class=\"elementor-element elementor-element-bbbcb09 elementor-widget elementor-widget-button\" data-id=\"bbbcb09\" data-element_type=\"widget\" data-e-type=\"widget\" data-widget_type=\"button.default\">\n\t\t\t\t<div class=\"elementor-widget-container\">\n\t\t\t\t\t\t\t\t\t<div class=\"elementor-button-wrapper\">\n\t\t\t\t\t<a class=\"elementor-button elementor-button-link elementor-size-lg\" href=\"https:\/\/gruposalmeron.com.br\/en\/aterrozero\/\">\n\t\t\t\t\t\t<span class=\"elementor-button-content-wrapper\">\n\t\t\t\t\t\t\t\t\t<span class=\"elementor-button-text\">CONHE\u00c7A<\/span>\n\t\t\t\t\t<\/span>\n\t\t\t\t\t<\/a>\n\t\t\t\t<\/div>\n\t\t\t\t\t\t\t\t<\/div>\n\t\t\t\t<\/div>\n\t\t\t\t<\/div>\n\t\t\t\t<\/div>\n\t\t\t\t<\/div>","protected":false},"excerpt":{"rendered":"<p>O GRUPO SAMERON \u00c9 ESG Mais de 1 milh\u00e3o de \u00e1rvores poupadas Ambiental desde sua funda\u00e7\u00e3o, em 1979, a empresa tamb\u00e9m desenvolve projetos e incentiva pr\u00e1ticas que colaboram para o desenvolvimento social e garantem uma governan\u00e7a transparente e alinhada aos seus valores. #AtitudeSalmeron Cada uma de nossas atitudes reverbera pelo Planeta, provocando impactos em todas [&hellip;]<\/p>\n","protected":false},"author":1,"featured_media":0,"parent":0,"menu_order":0,"comment_status":"closed","ping_status":"closed","template":"","meta":{"footnotes":""},"class_list":["post-1177","page","type-page","status-publish","hentry"],"yoast_head":"<!-- This site is optimized with the Yoast SEO plugin v26.9 - https:\/\/yoast.com\/product\/yoast-seo-wordpress\/ -->\n<title>Sustentabilidade ESG - Grupo Salmeron - A l\u00edder e pioneira em gest\u00e3o de res\u00edduos - Reciclagem de Madeira<\/title>\n<meta name=\"robots\" content=\"index, follow, max-snippet:-1, max-image-preview:large, max-video-preview:-1\" \/>\n<link rel=\"canonical\" href=\"https:\/\/gruposalmeron.com.br\/en\/sustentabilidade-esg\/\" \/>\n<meta property=\"og:locale\" content=\"en_US\" \/>\n<meta property=\"og:type\" content=\"article\" \/>\n<meta property=\"og:title\" content=\"Sustentabilidade ESG - Grupo Salmeron - A l\u00edder e pioneira em gest\u00e3o de res\u00edduos - Reciclagem de Madeira\" \/>\n<meta property=\"og:description\" content=\"O GRUPO SAMERON \u00c9 ESG Mais de 1 milh\u00e3o de \u00e1rvores poupadas Ambiental desde sua funda\u00e7\u00e3o, em 1979, a empresa tamb\u00e9m desenvolve projetos e incentiva pr\u00e1ticas que colaboram para o desenvolvimento social e garantem uma governan\u00e7a transparente e alinhada aos seus valores. #AtitudeSalmeron Cada uma de nossas atitudes reverbera pelo Planeta, provocando impactos em todas [&hellip;]\" \/>\n<meta property=\"og:url\" content=\"https:\/\/gruposalmeron.com.br\/en\/sustentabilidade-esg\/\" \/>\n<meta property=\"og:site_name\" content=\"Grupo Salmeron - A l\u00edder e pioneira em gest\u00e3o de res\u00edduos - Reciclagem de Madeira\" \/>\n<meta property=\"article:publisher\" content=\"https:\/\/www.facebook.com\/gruposalmeron\/\" \/>\n<meta property=\"article:modified_time\" content=\"2024-09-04T01:46:14+00:00\" \/>\n<meta property=\"og:image\" content=\"https:\/\/gruposalmeron.com.br\/wp-content\/uploads\/2024\/01\/gestao-de-residuo-sustentabilidade-esg.webp\" \/>\n<meta name=\"twitter:card\" content=\"summary_large_image\" \/>\n<meta name=\"twitter:label1\" content=\"Est. reading time\" \/>\n\t<meta name=\"twitter:data1\" content=\"2 minutes\" \/>\n<script type=\"application\/ld+json\" class=\"yoast-schema-graph\">{\"@context\":\"https:\/\/schema.org\",\"@graph\":[{\"@type\":\"WebPage\",\"@id\":\"https:\/\/gruposalmeron.com.br\/sustentabilidade-esg\/\",\"url\":\"https:\/\/gruposalmeron.com.br\/sustentabilidade-esg\/\",\"name\":\"Sustentabilidade ESG - Grupo Salmeron - A l\u00edder e pioneira em gest\u00e3o de res\u00edduos - Reciclagem de Madeira\",\"isPartOf\":{\"@id\":\"https:\/\/gruposalmeron.com.br\/#website\"},\"primaryImageOfPage\":{\"@id\":\"https:\/\/gruposalmeron.com.br\/sustentabilidade-esg\/#primaryimage\"},\"image\":{\"@id\":\"https:\/\/gruposalmeron.com.br\/sustentabilidade-esg\/#primaryimage\"},\"thumbnailUrl\":\"https:\/\/gruposalmeron.com.br\/wp-content\/uploads\/2024\/01\/gestao-de-residuo-sustentabilidade-esg.webp\",\"datePublished\":\"2024-01-09T16:22:45+00:00\",\"dateModified\":\"2024-09-04T01:46:14+00:00\",\"breadcrumb\":{\"@id\":\"https:\/\/gruposalmeron.com.br\/sustentabilidade-esg\/#breadcrumb\"},\"inLanguage\":\"en-US\",\"potentialAction\":[{\"@type\":\"ReadAction\",\"target\":[\"https:\/\/gruposalmeron.com.br\/sustentabilidade-esg\/\"]}]},{\"@type\":\"ImageObject\",\"inLanguage\":\"en-US\",\"@id\":\"https:\/\/gruposalmeron.com.br\/sustentabilidade-esg\/#primaryimage\",\"url\":\"https:\/\/gruposalmeron.com.br\/wp-content\/uploads\/2024\/01\/gestao-de-residuo-sustentabilidade-esg.webp\",\"contentUrl\":\"https:\/\/gruposalmeron.com.br\/wp-content\/uploads\/2024\/01\/gestao-de-residuo-sustentabilidade-esg.webp\"},{\"@type\":\"BreadcrumbList\",\"@id\":\"https:\/\/gruposalmeron.com.br\/sustentabilidade-esg\/#breadcrumb\",\"itemListElement\":[{\"@type\":\"ListItem\",\"position\":1,\"name\":\"In\u00edcio\",\"item\":\"https:\/\/gruposalmeron.com.br\/\"},{\"@type\":\"ListItem\",\"position\":2,\"name\":\"Sustentabilidade ESG\"}]},{\"@type\":\"WebSite\",\"@id\":\"https:\/\/gruposalmeron.com.br\/#website\",\"url\":\"https:\/\/gruposalmeron.com.br\/\",\"name\":\"Grupo Salmeron - Gest\u00e3o de Res\u00edduos - Reciclagem de Madeira\",\"description\":\"Grupo Salmeron - A l\u00edder e pioneira em gest\u00e3o de res\u00edduos - Reciclagem de Madeira\",\"publisher\":{\"@id\":\"https:\/\/gruposalmeron.com.br\/#organization\"},\"potentialAction\":[{\"@type\":\"SearchAction\",\"target\":{\"@type\":\"EntryPoint\",\"urlTemplate\":\"https:\/\/gruposalmeron.com.br\/?s={search_term_string}\"},\"query-input\":{\"@type\":\"PropertyValueSpecification\",\"valueRequired\":true,\"valueName\":\"search_term_string\"}}],\"inLanguage\":\"en-US\"},{\"@type\":\"Organization\",\"@id\":\"https:\/\/gruposalmeron.com.br\/#organization\",\"name\":\"Grupo Salmeron - Gest\u00e3o de Res\u00edduos - Reciclagem de Madeira\",\"url\":\"https:\/\/gruposalmeron.com.br\/\",\"logo\":{\"@type\":\"ImageObject\",\"inLanguage\":\"en-US\",\"@id\":\"https:\/\/gruposalmeron.com.br\/#\/schema\/logo\/image\/\",\"url\":\"https:\/\/gruposalmeron.com.br\/wp-content\/uploads\/2023\/12\/gruposalmeron-reciclagem-de-madeira.webp\",\"contentUrl\":\"https:\/\/gruposalmeron.com.br\/wp-content\/uploads\/2023\/12\/gruposalmeron-reciclagem-de-madeira.webp\",\"width\":156,\"height\":43,\"caption\":\"Grupo Salmeron - Gest\u00e3o de Res\u00edduos - Reciclagem de Madeira\"},\"image\":{\"@id\":\"https:\/\/gruposalmeron.com.br\/#\/schema\/logo\/image\/\"},\"sameAs\":[\"https:\/\/www.facebook.com\/gruposalmeron\/\"]}]}<\/script>\n<!-- \/ Yoast SEO plugin. -->","yoast_head_json":{"title":"Sustentabilidade ESG - Grupo Salmeron - A l\u00edder e pioneira em gest\u00e3o de res\u00edduos - Reciclagem de Madeira","robots":{"index":"index","follow":"follow","max-snippet":"max-snippet:-1","max-image-preview":"max-image-preview:large","max-video-preview":"max-video-preview:-1"},"canonical":"https:\/\/gruposalmeron.com.br\/en\/sustentabilidade-esg\/","og_locale":"en_US","og_type":"article","og_title":"Sustentabilidade ESG - Grupo Salmeron - A l\u00edder e pioneira em gest\u00e3o de res\u00edduos - Reciclagem de Madeira","og_description":"O GRUPO SAMERON \u00c9 ESG Mais de 1 milh\u00e3o de \u00e1rvores poupadas Ambiental desde sua funda\u00e7\u00e3o, em 1979, a empresa tamb\u00e9m desenvolve projetos e incentiva pr\u00e1ticas que colaboram para o desenvolvimento social e garantem uma governan\u00e7a transparente e alinhada aos seus valores. #AtitudeSalmeron Cada uma de nossas atitudes reverbera pelo Planeta, provocando impactos em todas [&hellip;]","og_url":"https:\/\/gruposalmeron.com.br\/en\/sustentabilidade-esg\/","og_site_name":"Grupo Salmeron - A l\u00edder e pioneira em gest\u00e3o de res\u00edduos - Reciclagem de Madeira","article_publisher":"https:\/\/www.facebook.com\/gruposalmeron\/","article_modified_time":"2024-09-04T01:46:14+00:00","og_image":[{"url":"https:\/\/gruposalmeron.com.br\/wp-content\/uploads\/2024\/01\/gestao-de-residuo-sustentabilidade-esg.webp","type":"","width":"","height":""}],"twitter_card":"summary_large_image","twitter_misc":{"Est. reading time":"2 minutes"},"schema":{"@context":"https:\/\/schema.org","@graph":[{"@type":"WebPage","@id":"https:\/\/gruposalmeron.com.br\/sustentabilidade-esg\/","url":"https:\/\/gruposalmeron.com.br\/sustentabilidade-esg\/","name":"Sustentabilidade ESG - Grupo Salmeron - A l\u00edder e pioneira em gest\u00e3o de res\u00edduos - Reciclagem de Madeira","isPartOf":{"@id":"https:\/\/gruposalmeron.com.br\/#website"},"primaryImageOfPage":{"@id":"https:\/\/gruposalmeron.com.br\/sustentabilidade-esg\/#primaryimage"},"image":{"@id":"https:\/\/gruposalmeron.com.br\/sustentabilidade-esg\/#primaryimage"},"thumbnailUrl":"https:\/\/gruposalmeron.com.br\/wp-content\/uploads\/2024\/01\/gestao-de-residuo-sustentabilidade-esg.webp","datePublished":"2024-01-09T16:22:45+00:00","dateModified":"2024-09-04T01:46:14+00:00","breadcrumb":{"@id":"https:\/\/gruposalmeron.com.br\/sustentabilidade-esg\/#breadcrumb"},"inLanguage":"en-US","potentialAction":[{"@type":"ReadAction","target":["https:\/\/gruposalmeron.com.br\/sustentabilidade-esg\/"]}]},{"@type":"ImageObject","inLanguage":"en-US","@id":"https:\/\/gruposalmeron.com.br\/sustentabilidade-esg\/#primaryimage","url":"https:\/\/gruposalmeron.com.br\/wp-content\/uploads\/2024\/01\/gestao-de-residuo-sustentabilidade-esg.webp","contentUrl":"https:\/\/gruposalmeron.com.br\/wp-content\/uploads\/2024\/01\/gestao-de-residuo-sustentabilidade-esg.webp"},{"@type":"BreadcrumbList","@id":"https:\/\/gruposalmeron.com.br\/sustentabilidade-esg\/#breadcrumb","itemListElement":[{"@type":"ListItem","position":1,"name":"In\u00edcio","item":"https:\/\/gruposalmeron.com.br\/"},{"@type":"ListItem","position":2,"name":"Sustentabilidade ESG"}]},{"@type":"WebSite","@id":"https:\/\/gruposalmeron.com.br\/#website","url":"https:\/\/gruposalmeron.com.br\/","name":"Grupo Salmeron - Gest\u00e3o de Res\u00edduos - Reciclagem de Madeira","description":"Grupo Salmeron - A l\u00edder e pioneira em gest\u00e3o de res\u00edduos - Reciclagem de Madeira","publisher":{"@id":"https:\/\/gruposalmeron.com.br\/#organization"},"potentialAction":[{"@type":"SearchAction","target":{"@type":"EntryPoint","urlTemplate":"https:\/\/gruposalmeron.com.br\/?s={search_term_string}"},"query-input":{"@type":"PropertyValueSpecification","valueRequired":true,"valueName":"search_term_string"}}],"inLanguage":"en-US"},{"@type":"Organization","@id":"https:\/\/gruposalmeron.com.br\/#organization","name":"Grupo Salmeron - Gest\u00e3o de Res\u00edduos - Reciclagem de Madeira","url":"https:\/\/gruposalmeron.com.br\/","logo":{"@type":"ImageObject","inLanguage":"en-US","@id":"https:\/\/gruposalmeron.com.br\/#\/schema\/logo\/image\/","url":"https:\/\/gruposalmeron.com.br\/wp-content\/uploads\/2023\/12\/gruposalmeron-reciclagem-de-madeira.webp","contentUrl":"https:\/\/gruposalmeron.com.br\/wp-content\/uploads\/2023\/12\/gruposalmeron-reciclagem-de-madeira.webp","width":156,"height":43,"caption":"Grupo Salmeron - Gest\u00e3o de Res\u00edduos - Reciclagem de Madeira"},"image":{"@id":"https:\/\/gruposalmeron.com.br\/#\/schema\/logo\/image\/"},"sameAs":["https:\/\/www.facebook.com\/gruposalmeron\/"]}]}},"_links":{"self":[{"href":"https:\/\/gruposalmeron.com.br\/en\/wp-json\/wp\/v2\/pages\/1177","targetHints":{"allow":["GET"]}}],"collection":[{"href":"https:\/\/gruposalmeron.com.br\/en\/wp-json\/wp\/v2\/pages"}],"about":[{"href":"https:\/\/gruposalmeron.com.br\/en\/wp-json\/wp\/v2\/types\/page"}],"author":[{"embeddable":true,"href":"https:\/\/gruposalmeron.com.br\/en\/wp-json\/wp\/v2\/users\/1"}],"replies":[{"embeddable":true,"href":"https:\/\/gruposalmeron.com.br\/en\/wp-json\/wp\/v2\/comments?post=1177"}],"version-history":[{"count":0,"href":"https:\/\/gruposalmeron.com.br\/en\/wp-json\/wp\/v2\/pages\/1177\/revisions"}],"wp:attachment":[{"href":"https:\/\/gruposalmeron.com.br\/en\/wp-json\/wp\/v2\/media?parent=1177"}],"curies":[{"name":"wp","href":"https:\/\/api.w.org\/{rel}","templated":true}]}}