{"id":1008,"date":"2024-01-06T02:20:07","date_gmt":"2024-01-06T02:20:07","guid":{"rendered":"https:\/\/gruposalmeron.everestis.ppg.br\/?page_id=1008"},"modified":"2025-10-31T16:06:44","modified_gmt":"2025-10-31T19:06:44","slug":"contato","status":"publish","type":"page","link":"https:\/\/gruposalmeron.com.br\/en\/contato\/","title":{"rendered":"contato"},"content":{"rendered":"<div data-elementor-type=\"wp-page\" data-elementor-id=\"1008\" class=\"elementor elementor-1008\" data-elementor-post-type=\"page\">\n\t\t\t\t<div class=\"elementor-element elementor-element-449901b e-con-full e-flex e-con e-parent\" data-id=\"449901b\" data-element_type=\"container\" data-e-type=\"container\" data-settings=\"{&quot;background_background&quot;:&quot;video&quot;,&quot;background_play_on_mobile&quot;:&quot;yes&quot;,&quot;background_video_link&quot;:&quot;https:\\\/\\\/youtu.be\\\/31JB1ol78KI&quot;}\">\n\t\t<div class=\"elementor-background-video-container\">\n\t\t\t\t\t\t\t<div class=\"elementor-background-video-embed\" role=\"presentation\"><\/div>\n\t\t\t\t\t\t<\/div>\t\t<div class=\"elementor-element elementor-element-fc80d22 elementor-widget elementor-widget-heading\" data-id=\"fc80d22\" data-element_type=\"widget\" data-e-type=\"widget\" data-widget_type=\"heading.default\">\n\t\t\t\t<div class=\"elementor-widget-container\">\n\t\t\t\t\t<h2 class=\"elementor-heading-title elementor-size-default\">CONTATE A SALMERON<\/h2>\t\t\t\t<\/div>\n\t\t\t\t<\/div>\n\t\t\t\t<div class=\"elementor-element elementor-element-6915d32 elementor-widget elementor-widget-breadcrumbs\" data-id=\"6915d32\" data-element_type=\"widget\" data-e-type=\"widget\" data-widget_type=\"breadcrumbs.default\">\n\t\t\t\t<div class=\"elementor-widget-container\">\n\t\t\t\t\t<p id=\"breadcrumbs\"><span><span><a href=\"https:\/\/gruposalmeron.com.br\/en\/\">In\u00edcio<\/a><\/span><\/span><\/p>\t\t\t\t<\/div>\n\t\t\t\t<\/div>\n\t\t\t\t<\/div>\n\t\t<div class=\"elementor-element elementor-element-54559e9 e-con-full e-flex e-con e-parent\" data-id=\"54559e9\" data-element_type=\"container\" data-e-type=\"container\">\n\t\t<div class=\"elementor-element elementor-element-4c46ce6 e-con-full e-flex e-con e-child\" data-id=\"4c46ce6\" data-element_type=\"container\" data-e-type=\"container\" data-settings=\"{&quot;background_background&quot;:&quot;classic&quot;}\">\n\t\t\t\t<div class=\"elementor-element elementor-element-9ba6ac2 elementor-widget elementor-widget-heading\" data-id=\"9ba6ac2\" data-element_type=\"widget\" data-e-type=\"widget\" data-widget_type=\"heading.default\">\n\t\t\t\t<div class=\"elementor-widget-container\">\n\t\t\t\t\t<h2 class=\"elementor-heading-title elementor-size-default\">Central de\u00a0Atendimento<\/h2>\t\t\t\t<\/div>\n\t\t\t\t<\/div>\n\t\t\t\t<div class=\"elementor-element elementor-element-0f862d6 elementor-widget elementor-widget-text-editor\" data-id=\"0f862d6\" data-element_type=\"widget\" data-e-type=\"widget\" data-widget_type=\"text-editor.default\">\n\t\t\t\t<div class=\"elementor-widget-container\">\n\t\t\t\t\t\t\t\t\t<p>Nossa p\u00e1gina de contato responde \u00e0s d\u00favidas mais frequentes, mas se voc\u00ea n\u00e3o conseguir achar o que busca saiba que oferecemos um canal de comunica\u00e7\u00e3o para o envio de d\u00favidas, sugest\u00f5es, reclama\u00e7\u00f5es e elogios.<\/p>\t\t\t\t\t\t\t\t<\/div>\n\t\t\t\t<\/div>\n\t\t\t\t<div class=\"elementor-element elementor-element-64061f9 elementor-widget elementor-widget-heading\" data-id=\"64061f9\" data-element_type=\"widget\" data-e-type=\"widget\" data-widget_type=\"heading.default\">\n\t\t\t\t<div class=\"elementor-widget-container\">\n\t\t\t\t\t<h2 class=\"elementor-heading-title elementor-size-default\">0800 330 0000<\/h2>\t\t\t\t<\/div>\n\t\t\t\t<\/div>\n\t\t\t\t<div class=\"elementor-element elementor-element-71445bd elementor-icon-list--layout-traditional elementor-list-item-link-full_width elementor-widget elementor-widget-icon-list\" data-id=\"71445bd\" data-element_type=\"widget\" data-e-type=\"widget\" data-widget_type=\"icon-list.default\">\n\t\t\t\t<div class=\"elementor-widget-container\">\n\t\t\t\t\t\t\t<ul class=\"elementor-icon-list-items\">\n\t\t\t\t\t\t\t<li class=\"elementor-icon-list-item\">\n\t\t\t\t\t\t\t\t\t\t\t<a href=\"https:\/\/wa.me\/5515991338728?text=Ol%C3%A1!%20Estou%20entrando%20em%20contato%20pelo%20site%20e%20gostaria%20de%20informa%C3%A7%C3%B5es%20sobre%20os%20servi%C3%A7os%20oferecidos.%C2%A0Pode%C2%A0me%C2%A0ajudar%3F\">\n\n\t\t\t\t\t\t\t\t\t\t\t\t<span class=\"elementor-icon-list-icon\">\n\t\t\t\t\t\t\t<i aria-hidden=\"true\" class=\"icon icon-phone-call\"><\/i>\t\t\t\t\t\t<\/span>\n\t\t\t\t\t\t\t\t\t\t<span class=\"elementor-icon-list-text\">+55 (15) 3232-2425<\/span>\n\t\t\t\t\t\t\t\t\t\t\t<\/a>\n\t\t\t\t\t\t\t\t\t<\/li>\n\t\t\t\t\t\t<\/ul>\n\t\t\t\t\t\t<\/div>\n\t\t\t\t<\/div>\n\t\t\t\t<div class=\"elementor-element elementor-element-49bbf7b elementor-widget elementor-widget-heading\" data-id=\"49bbf7b\" data-element_type=\"widget\" data-e-type=\"widget\" data-widget_type=\"heading.default\">\n\t\t\t\t<div class=\"elementor-widget-container\">\n\t\t\t\t\t<h2 class=\"elementor-heading-title elementor-size-default\">Hor\u00e1rio de funcionamento<\/h2>\t\t\t\t<\/div>\n\t\t\t\t<\/div>\n\t\t\t\t<div class=\"elementor-element elementor-element-9da508a elementor-icon-list--layout-traditional elementor-list-item-link-full_width elementor-widget elementor-widget-icon-list\" data-id=\"9da508a\" data-element_type=\"widget\" data-e-type=\"widget\" data-widget_type=\"icon-list.default\">\n\t\t\t\t<div class=\"elementor-widget-container\">\n\t\t\t\t\t\t\t<ul class=\"elementor-icon-list-items\">\n\t\t\t\t\t\t\t<li class=\"elementor-icon-list-item\">\n\t\t\t\t\t\t\t\t\t\t<span class=\"elementor-icon-list-text\">Segunda a sexta-feira <br>7h \u00e0s 17h <\/span>\n\t\t\t\t\t\t\t\t\t<\/li>\n\t\t\t\t\t\t<\/ul>\n\t\t\t\t\t\t<\/div>\n\t\t\t\t<\/div>\n\t\t\t\t<div class=\"elementor-element elementor-element-e5dd26b elementor-widget elementor-widget-heading\" data-id=\"e5dd26b\" data-element_type=\"widget\" data-e-type=\"widget\" data-widget_type=\"heading.default\">\n\t\t\t\t<div class=\"elementor-widget-container\">\n\t\t\t\t\t<h2 class=\"elementor-heading-title elementor-size-default\">Matriz Brasil<\/h2>\t\t\t\t<\/div>\n\t\t\t\t<\/div>\n\t\t\t\t<div class=\"elementor-element elementor-element-b86944c elementor-icon-list--layout-traditional elementor-list-item-link-full_width elementor-widget elementor-widget-icon-list\" data-id=\"b86944c\" data-element_type=\"widget\" data-e-type=\"widget\" data-widget_type=\"icon-list.default\">\n\t\t\t\t<div class=\"elementor-widget-container\">\n\t\t\t\t\t\t\t<ul class=\"elementor-icon-list-items\">\n\t\t\t\t\t\t\t<li class=\"elementor-icon-list-item\">\n\t\t\t\t\t\t\t\t\t\t<span class=\"elementor-icon-list-text\">Av. dos Bandeirantes, n\u00ba 2480 <br>Brigadeiro Tobias Sorocaba\/SP<\/span>\n\t\t\t\t\t\t\t\t\t<\/li>\n\t\t\t\t\t\t<\/ul>\n\t\t\t\t\t\t<\/div>\n\t\t\t\t<\/div>\n\t\t\t\t<\/div>\n\t\t<div class=\"elementor-element elementor-element-19fc455 e-con-full e-flex e-con e-child\" data-id=\"19fc455\" data-element_type=\"container\" data-e-type=\"container\" data-settings=\"{&quot;background_background&quot;:&quot;classic&quot;}\">\n\t\t\t\t<div class=\"elementor-element elementor-element-7f1a5e1 elementor-widget elementor-widget-html\" data-id=\"7f1a5e1\" data-element_type=\"widget\" data-e-type=\"widget\" data-widget_type=\"html.default\">\n\t\t\t\t<div class=\"elementor-widget-container\">\n\t\t\t\t\t<div role=\"main\" id=\"site-grupo-salmeron-cc5ed6daa1d0d2a4b4f5\"><\/div><script type=\"text\/javascript\" src=\"https:\/\/d335luupugsy2.cloudfront.net\/js\/rdstation-forms\/stable\/rdstation-forms.min.js\"><\/script><script type=\"text\/javascript\"> new RDStationForms('site-grupo-salmeron-cc5ed6daa1d0d2a4b4f5', 'null').createForm();<\/script>\t\t\t\t<\/div>\n\t\t\t\t<\/div>\n\t\t\t\t<\/div>\n\t\t\t\t<\/div>\n\t\t<div class=\"elementor-element elementor-element-ffbddc2 e-con-full e-flex e-con e-parent\" data-id=\"ffbddc2\" data-element_type=\"container\" data-e-type=\"container\">\n\t\t<div class=\"elementor-element elementor-element-c08b527 e-con-full e-flex e-con e-child\" data-id=\"c08b527\" data-element_type=\"container\" data-e-type=\"container\" data-settings=\"{&quot;background_background&quot;:&quot;classic&quot;}\">\n\t\t\t\t<div class=\"elementor-element elementor-element-e1bbdd6 elementor-widget elementor-widget-heading\" data-id=\"e1bbdd6\" data-element_type=\"widget\" data-e-type=\"widget\" data-widget_type=\"heading.default\">\n\t\t\t\t<div class=\"elementor-widget-container\">\n\t\t\t\t\t<h2 class=\"elementor-heading-title elementor-size-default\">TRABALHE CONOSCO<\/h2>\t\t\t\t<\/div>\n\t\t\t\t<\/div>\n\t\t\t\t<div class=\"elementor-element elementor-element-63096e8 elementor-widget elementor-widget-heading\" data-id=\"63096e8\" data-element_type=\"widget\" data-e-type=\"widget\" data-widget_type=\"heading.default\">\n\t\t\t\t<div class=\"elementor-widget-container\">\n\t\t\t\t\t<h2 class=\"elementor-heading-title elementor-size-default\">Cadastre o seu curr\u00edculo em nosso banco de talentos ou consulte as vagas em aberto.<\/h2>\t\t\t\t<\/div>\n\t\t\t\t<\/div>\n\t\t\t\t<div class=\"elementor-element elementor-element-fedbe63 elementor-align-center elementor-widget elementor-widget-button\" data-id=\"fedbe63\" data-element_type=\"widget\" data-e-type=\"widget\" data-widget_type=\"button.default\">\n\t\t\t\t<div class=\"elementor-widget-container\">\n\t\t\t\t\t\t\t\t\t<div class=\"elementor-button-wrapper\">\n\t\t\t\t\t<a class=\"elementor-button elementor-button-link elementor-size-lg\" href=\"https:\/\/gruposalmeron.empregare.com\/pt-br\/vagas\" target=\"_blank\">\n\t\t\t\t\t\t<span class=\"elementor-button-content-wrapper\">\n\t\t\t\t\t\t\t\t\t<span class=\"elementor-button-text\">CADASTRE-SE<\/span>\n\t\t\t\t\t<\/span>\n\t\t\t\t\t<\/a>\n\t\t\t\t<\/div>\n\t\t\t\t\t\t\t\t<\/div>\n\t\t\t\t<\/div>\n\t\t\t\t<\/div>\n\t\t\t\t<\/div>\n\t\t\t\t<\/div>","protected":false},"excerpt":{"rendered":"<p>CONTATE A SALMERON Central de\u00a0Atendimento Nossa p\u00e1gina de contato responde \u00e0s d\u00favidas mais frequentes, mas se voc\u00ea n\u00e3o conseguir achar o que busca saiba que oferecemos um canal de comunica\u00e7\u00e3o para o envio de d\u00favidas, sugest\u00f5es, reclama\u00e7\u00f5es e elogios. 0800 330 0000 +55 (15) 3232-2425 Hor\u00e1rio de funcionamento Segunda a sexta-feira 7h \u00e0s 17h Matriz [&hellip;]<\/p>\n","protected":false},"author":1,"featured_media":0,"parent":0,"menu_order":0,"comment_status":"closed","ping_status":"closed","template":"","meta":{"footnotes":""},"class_list":["post-1008","page","type-page","status-publish","hentry"],"yoast_head":"<!-- This site is optimized with the Yoast SEO plugin v26.9 - https:\/\/yoast.com\/product\/yoast-seo-wordpress\/ -->\n<title>contato - Grupo Salmeron - A l\u00edder e pioneira em gest\u00e3o de res\u00edduos - Reciclagem de Madeira<\/title>\n<meta name=\"robots\" content=\"index, follow, max-snippet:-1, max-image-preview:large, max-video-preview:-1\" \/>\n<link rel=\"canonical\" href=\"https:\/\/gruposalmeron.com.br\/en\/contato\/\" \/>\n<meta property=\"og:locale\" content=\"en_US\" \/>\n<meta property=\"og:type\" content=\"article\" \/>\n<meta property=\"og:title\" content=\"contato - Grupo Salmeron - A l\u00edder e pioneira em gest\u00e3o de res\u00edduos - Reciclagem de Madeira\" \/>\n<meta property=\"og:description\" content=\"CONTATE A SALMERON Central de\u00a0Atendimento Nossa p\u00e1gina de contato responde \u00e0s d\u00favidas mais frequentes, mas se voc\u00ea n\u00e3o conseguir achar o que busca saiba que oferecemos um canal de comunica\u00e7\u00e3o para o envio de d\u00favidas, sugest\u00f5es, reclama\u00e7\u00f5es e elogios. 0800 330 0000 +55 (15) 3232-2425 Hor\u00e1rio de funcionamento Segunda a sexta-feira 7h \u00e0s 17h Matriz [&hellip;]\" \/>\n<meta property=\"og:url\" content=\"https:\/\/gruposalmeron.com.br\/en\/contato\/\" \/>\n<meta property=\"og:site_name\" content=\"Grupo Salmeron - A l\u00edder e pioneira em gest\u00e3o de res\u00edduos - Reciclagem de Madeira\" \/>\n<meta property=\"article:publisher\" content=\"https:\/\/www.facebook.com\/gruposalmeron\/\" \/>\n<meta property=\"article:modified_time\" content=\"2025-10-31T19:06:44+00:00\" \/>\n<meta name=\"twitter:card\" content=\"summary_large_image\" \/>\n<meta name=\"twitter:label1\" content=\"Est. reading time\" \/>\n\t<meta name=\"twitter:data1\" content=\"1 minute\" \/>\n<script type=\"application\/ld+json\" class=\"yoast-schema-graph\">{\"@context\":\"https:\/\/schema.org\",\"@graph\":[{\"@type\":\"WebPage\",\"@id\":\"https:\/\/gruposalmeron.com.br\/contato\/\",\"url\":\"https:\/\/gruposalmeron.com.br\/contato\/\",\"name\":\"contato - Grupo Salmeron - A l\u00edder e pioneira em gest\u00e3o de res\u00edduos - Reciclagem de Madeira\",\"isPartOf\":{\"@id\":\"https:\/\/gruposalmeron.com.br\/#website\"},\"datePublished\":\"2024-01-06T02:20:07+00:00\",\"dateModified\":\"2025-10-31T19:06:44+00:00\",\"breadcrumb\":{\"@id\":\"https:\/\/gruposalmeron.com.br\/contato\/#breadcrumb\"},\"inLanguage\":\"en-US\",\"potentialAction\":[{\"@type\":\"ReadAction\",\"target\":[\"https:\/\/gruposalmeron.com.br\/contato\/\"]}]},{\"@type\":\"BreadcrumbList\",\"@id\":\"https:\/\/gruposalmeron.com.br\/contato\/#breadcrumb\",\"itemListElement\":[{\"@type\":\"ListItem\",\"position\":1,\"name\":\"In\u00edcio\",\"item\":\"https:\/\/gruposalmeron.com.br\/\"},{\"@type\":\"ListItem\",\"position\":2,\"name\":\"contato\"}]},{\"@type\":\"WebSite\",\"@id\":\"https:\/\/gruposalmeron.com.br\/#website\",\"url\":\"https:\/\/gruposalmeron.com.br\/\",\"name\":\"Grupo Salmeron - Gest\u00e3o de Res\u00edduos - Reciclagem de Madeira\",\"description\":\"Grupo Salmeron - A l\u00edder e pioneira em gest\u00e3o de res\u00edduos - Reciclagem de Madeira\",\"publisher\":{\"@id\":\"https:\/\/gruposalmeron.com.br\/#organization\"},\"potentialAction\":[{\"@type\":\"SearchAction\",\"target\":{\"@type\":\"EntryPoint\",\"urlTemplate\":\"https:\/\/gruposalmeron.com.br\/?s={search_term_string}\"},\"query-input\":{\"@type\":\"PropertyValueSpecification\",\"valueRequired\":true,\"valueName\":\"search_term_string\"}}],\"inLanguage\":\"en-US\"},{\"@type\":\"Organization\",\"@id\":\"https:\/\/gruposalmeron.com.br\/#organization\",\"name\":\"Grupo Salmeron - Gest\u00e3o de Res\u00edduos - Reciclagem de Madeira\",\"url\":\"https:\/\/gruposalmeron.com.br\/\",\"logo\":{\"@type\":\"ImageObject\",\"inLanguage\":\"en-US\",\"@id\":\"https:\/\/gruposalmeron.com.br\/#\/schema\/logo\/image\/\",\"url\":\"https:\/\/gruposalmeron.com.br\/wp-content\/uploads\/2023\/12\/gruposalmeron-reciclagem-de-madeira.webp\",\"contentUrl\":\"https:\/\/gruposalmeron.com.br\/wp-content\/uploads\/2023\/12\/gruposalmeron-reciclagem-de-madeira.webp\",\"width\":156,\"height\":43,\"caption\":\"Grupo Salmeron - Gest\u00e3o de Res\u00edduos - Reciclagem de Madeira\"},\"image\":{\"@id\":\"https:\/\/gruposalmeron.com.br\/#\/schema\/logo\/image\/\"},\"sameAs\":[\"https:\/\/www.facebook.com\/gruposalmeron\/\"]}]}<\/script>\n<!-- \/ Yoast SEO plugin. -->","yoast_head_json":{"title":"contato - Grupo Salmeron - A l\u00edder e pioneira em gest\u00e3o de res\u00edduos - Reciclagem de Madeira","robots":{"index":"index","follow":"follow","max-snippet":"max-snippet:-1","max-image-preview":"max-image-preview:large","max-video-preview":"max-video-preview:-1"},"canonical":"https:\/\/gruposalmeron.com.br\/en\/contato\/","og_locale":"en_US","og_type":"article","og_title":"contato - Grupo Salmeron - A l\u00edder e pioneira em gest\u00e3o de res\u00edduos - Reciclagem de Madeira","og_description":"CONTATE A SALMERON Central de\u00a0Atendimento Nossa p\u00e1gina de contato responde \u00e0s d\u00favidas mais frequentes, mas se voc\u00ea n\u00e3o conseguir achar o que busca saiba que oferecemos um canal de comunica\u00e7\u00e3o para o envio de d\u00favidas, sugest\u00f5es, reclama\u00e7\u00f5es e elogios. 0800 330 0000 +55 (15) 3232-2425 Hor\u00e1rio de funcionamento Segunda a sexta-feira 7h \u00e0s 17h Matriz [&hellip;]","og_url":"https:\/\/gruposalmeron.com.br\/en\/contato\/","og_site_name":"Grupo Salmeron - A l\u00edder e pioneira em gest\u00e3o de res\u00edduos - Reciclagem de Madeira","article_publisher":"https:\/\/www.facebook.com\/gruposalmeron\/","article_modified_time":"2025-10-31T19:06:44+00:00","twitter_card":"summary_large_image","twitter_misc":{"Est. reading time":"1 minute"},"schema":{"@context":"https:\/\/schema.org","@graph":[{"@type":"WebPage","@id":"https:\/\/gruposalmeron.com.br\/contato\/","url":"https:\/\/gruposalmeron.com.br\/contato\/","name":"contato - Grupo Salmeron - A l\u00edder e pioneira em gest\u00e3o de res\u00edduos - Reciclagem de Madeira","isPartOf":{"@id":"https:\/\/gruposalmeron.com.br\/#website"},"datePublished":"2024-01-06T02:20:07+00:00","dateModified":"2025-10-31T19:06:44+00:00","breadcrumb":{"@id":"https:\/\/gruposalmeron.com.br\/contato\/#breadcrumb"},"inLanguage":"en-US","potentialAction":[{"@type":"ReadAction","target":["https:\/\/gruposalmeron.com.br\/contato\/"]}]},{"@type":"BreadcrumbList","@id":"https:\/\/gruposalmeron.com.br\/contato\/#breadcrumb","itemListElement":[{"@type":"ListItem","position":1,"name":"In\u00edcio","item":"https:\/\/gruposalmeron.com.br\/"},{"@type":"ListItem","position":2,"name":"contato"}]},{"@type":"WebSite","@id":"https:\/\/gruposalmeron.com.br\/#website","url":"https:\/\/gruposalmeron.com.br\/","name":"Grupo Salmeron - Gest\u00e3o de Res\u00edduos - Reciclagem de Madeira","description":"Grupo Salmeron - A l\u00edder e pioneira em gest\u00e3o de res\u00edduos - Reciclagem de Madeira","publisher":{"@id":"https:\/\/gruposalmeron.com.br\/#organization"},"potentialAction":[{"@type":"SearchAction","target":{"@type":"EntryPoint","urlTemplate":"https:\/\/gruposalmeron.com.br\/?s={search_term_string}"},"query-input":{"@type":"PropertyValueSpecification","valueRequired":true,"valueName":"search_term_string"}}],"inLanguage":"en-US"},{"@type":"Organization","@id":"https:\/\/gruposalmeron.com.br\/#organization","name":"Grupo Salmeron - Gest\u00e3o de Res\u00edduos - Reciclagem de Madeira","url":"https:\/\/gruposalmeron.com.br\/","logo":{"@type":"ImageObject","inLanguage":"en-US","@id":"https:\/\/gruposalmeron.com.br\/#\/schema\/logo\/image\/","url":"https:\/\/gruposalmeron.com.br\/wp-content\/uploads\/2023\/12\/gruposalmeron-reciclagem-de-madeira.webp","contentUrl":"https:\/\/gruposalmeron.com.br\/wp-content\/uploads\/2023\/12\/gruposalmeron-reciclagem-de-madeira.webp","width":156,"height":43,"caption":"Grupo Salmeron - Gest\u00e3o de Res\u00edduos - Reciclagem de Madeira"},"image":{"@id":"https:\/\/gruposalmeron.com.br\/#\/schema\/logo\/image\/"},"sameAs":["https:\/\/www.facebook.com\/gruposalmeron\/"]}]}},"_links":{"self":[{"href":"https:\/\/gruposalmeron.com.br\/en\/wp-json\/wp\/v2\/pages\/1008","targetHints":{"allow":["GET"]}}],"collection":[{"href":"https:\/\/gruposalmeron.com.br\/en\/wp-json\/wp\/v2\/pages"}],"about":[{"href":"https:\/\/gruposalmeron.com.br\/en\/wp-json\/wp\/v2\/types\/page"}],"author":[{"embeddable":true,"href":"https:\/\/gruposalmeron.com.br\/en\/wp-json\/wp\/v2\/users\/1"}],"replies":[{"embeddable":true,"href":"https:\/\/gruposalmeron.com.br\/en\/wp-json\/wp\/v2\/comments?post=1008"}],"version-history":[{"count":45,"href":"https:\/\/gruposalmeron.com.br\/en\/wp-json\/wp\/v2\/pages\/1008\/revisions"}],"predecessor-version":[{"id":4196,"href":"https:\/\/gruposalmeron.com.br\/en\/wp-json\/wp\/v2\/pages\/1008\/revisions\/4196"}],"wp:attachment":[{"href":"https:\/\/gruposalmeron.com.br\/en\/wp-json\/wp\/v2\/media?parent=1008"}],"curies":[{"name":"wp","href":"https:\/\/api.w.org\/{rel}","templated":true}]}}